{"id":10197,"date":"2020-08-06T16:04:03","date_gmt":"2020-08-06T16:04:03","guid":{"rendered":"https:\/\/lesdessousdenath.fr\/?post_type=product&#038;p=10197"},"modified":"2024-12-04T14:46:55","modified_gmt":"2024-12-04T14:46:55","slug":"bodystocking-bs085-rouge","status":"publish","type":"product","link":"https:\/\/lesdessousdenath.fr\/index.php\/product\/bodystocking-bs085-rouge\/","title":{"rendered":"BODYSTOCKING BS085 ROUGE"},"content":{"rendered":"<p><strong>BODYSTOCKING SEXY BS085 ROUGE<\/strong><\/p>\n<p>Notre bodystocking ouvert rouge exceptionnelle avec des d\u00e9tails :<\/p>\n<ul>\n<li>Epouse parfaitement la silhouette tout en soulignant les formes<\/li>\n<li>Bodystocking ouvert en r\u00e9sille BS085 de la c\u00e9l\u00e8bre marque de lingerie Passion<\/li>\n<li>Tissu doux, \u00e9lastique et confortable &#8211; Ajustement parfait<\/li>\n<li>Fabriqu\u00e9 en Europe<\/li>\n<li>Ce produit est disponible en noir, rouge et en blanc<\/li>\n<\/ul>\n","protected":false},"excerpt":{"rendered":"<p style=\"margin-top: -100px; margin-left: -45px;\"><img decoding=\"async\" style=\"max-height: 120px;\" src=\"https:\/\/lesdessousdenath.fr\/wp-content\/uploads\/2020\/11\/Nat.png\" \/><\/p>\n<p style=\"font-size: 30px; margin-top: -50px;\"><strong>BODYSTOCKING BS085 ROUGE<\/strong><\/p>\n<p>Beaucoup de charme et de sensualit\u00e9 pour ce mod\u00e8le de combinaison en r\u00e9sille rouge, sign\u00e9 de la marque de lingerie Passion, offrant une large jarreti\u00e8re sur les cuisses et un motif floral sur les cot\u00e9s pour souligner les courbes f\u00e9minines.<\/p>\n<blockquote><p><strong>Ca va \u00eatre chaud ce soir !<\/strong><\/p><\/blockquote>\n<table>\n<tbody>\n<tr>\n<td style=\"text-align: center; margin: 5px; background-color: #ffffff;\">Pochette avant<br \/>\n<a href=\"https:\/\/lesdessousdenath.fr\/wp-content\/uploads\/2024\/10\/Body-bs085-rouge-3.jpg\"><br \/>\n<img decoding=\"async\" style=\"margin-top: -20px;\" src=\"https:\/\/lesdessousdenath.fr\/wp-content\/uploads\/2024\/10\/Body-bs085-rouge-3.jpg\"><br \/>\n<\/a><\/td>\n<td style=\"text-align: center; margin: 5px; background-color: #ffffff;\">Pochette arri\u00e8re<br \/>\n<a href=\"https:\/\/lesdessousdenath.fr\/wp-content\/uploads\/2024\/10\/Body-bs085-rouge-4.jpg\"><br \/>\n<img decoding=\"async\" style=\"margin-top: -20px;\" src=\"https:\/\/lesdessousdenath.fr\/wp-content\/uploads\/2024\/10\/Body-bs085-rouge-4.jpg\"><br \/>\n<\/a><\/td>\n<\/tr>\n<\/tbody>\n<\/table>\n<h5 style=\"text-align: center; color: #ff0000;\">TAILLE UNIQUE !<\/h5>\n","protected":false},"featured_media":10199,"comment_status":"open","ping_status":"closed","template":"","meta":[],"product_brand":[],"product_cat":[395],"product_tag":[],"class_list":{"0":"post-10197","1":"product","2":"type-product","3":"status-publish","4":"has-post-thumbnail","6":"product_cat-lingerie","8":"first","9":"instock","10":"taxable","11":"shipping-taxable","12":"purchasable","13":"product-type-simple"},"yoast_head":"<!-- This site is optimized with the Yoast SEO plugin v27.2 - https:\/\/yoast.com\/product\/yoast-seo-wordpress\/ -->\n<title>BS085 - bodystocking rouge sexy et ouvert en r\u00e9sille de Passion<\/title>\n<meta name=\"description\" content=\"Ce bodystocking sexy BS85 rouge et ouvert fait partie de la toute derni\u00e8re collection lanc\u00e9e par la marque de lingerie Passion.\" \/>\n<meta name=\"robots\" content=\"index, follow, max-snippet:-1, max-image-preview:large, max-video-preview:-1\" \/>\n<link rel=\"canonical\" href=\"https:\/\/lesdessousdenath.fr\/index.php\/product\/bodystocking-bs085-rouge\/\" \/>\n<meta property=\"og:locale\" content=\"fr_FR\" \/>\n<meta property=\"og:type\" content=\"article\" \/>\n<meta property=\"og:title\" content=\"BS085 - bodystocking rouge sexy et ouvert en r\u00e9sille de Passion\" \/>\n<meta property=\"og:description\" content=\"Ce bodystocking sexy BS85 rouge et ouvert fait partie de la toute derni\u00e8re collection lanc\u00e9e par la marque de lingerie Passion.\" \/>\n<meta property=\"og:url\" content=\"https:\/\/lesdessousdenath.fr\/index.php\/product\/bodystocking-bs085-rouge\/\" \/>\n<meta property=\"og:site_name\" content=\"Les dessous de Nath\" \/>\n<meta property=\"article:publisher\" content=\"https:\/\/www.facebook.com\/Les-dessous-de-Nath-100724281804184\/\" \/>\n<meta property=\"article:modified_time\" content=\"2024-12-04T14:46:55+00:00\" \/>\n<meta property=\"og:image\" content=\"https:\/\/lesdessousdenath.fr\/wp-content\/uploads\/2024\/10\/Body-bs085-rouge-1.jpg\" \/>\n\t<meta property=\"og:image:width\" content=\"840\" \/>\n\t<meta property=\"og:image:height\" content=\"1500\" \/>\n\t<meta property=\"og:image:type\" content=\"image\/jpeg\" \/>\n<meta name=\"twitter:card\" content=\"summary_large_image\" \/>\n<meta name=\"twitter:site\" content=\"@DessousNath\" \/>\n<meta name=\"twitter:label1\" content=\"Dur\u00e9e de lecture estim\u00e9e\" \/>\n\t<meta name=\"twitter:data1\" content=\"1 minute\" \/>\n<script type=\"application\/ld+json\" class=\"yoast-schema-graph\">{\"@context\":\"https:\/\/schema.org\",\"@graph\":[{\"@type\":\"WebPage\",\"@id\":\"https:\/\/lesdessousdenath.fr\/index.php\/product\/bodystocking-bs085-rouge\/\",\"url\":\"https:\/\/lesdessousdenath.fr\/index.php\/product\/bodystocking-bs085-rouge\/\",\"name\":\"BS085 - bodystocking rouge sexy et ouvert en r\u00e9sille de Passion\",\"isPartOf\":{\"@id\":\"https:\/\/lesdessousdenath.fr\/#website\"},\"primaryImageOfPage\":{\"@id\":\"https:\/\/lesdessousdenath.fr\/index.php\/product\/bodystocking-bs085-rouge\/#primaryimage\"},\"image\":{\"@id\":\"https:\/\/lesdessousdenath.fr\/index.php\/product\/bodystocking-bs085-rouge\/#primaryimage\"},\"thumbnailUrl\":\"https:\/\/i0.wp.com\/lesdessousdenath.fr\/wp-content\/uploads\/2024\/10\/Body-bs085-rouge-1.jpg?fit=840%2C1500&ssl=1\",\"datePublished\":\"2020-08-06T16:04:03+00:00\",\"dateModified\":\"2024-12-04T14:46:55+00:00\",\"description\":\"Ce bodystocking sexy BS85 rouge et ouvert fait partie de la toute derni\u00e8re collection lanc\u00e9e par la marque de lingerie Passion.\",\"breadcrumb\":{\"@id\":\"https:\/\/lesdessousdenath.fr\/index.php\/product\/bodystocking-bs085-rouge\/#breadcrumb\"},\"inLanguage\":\"fr-FR\",\"potentialAction\":[{\"@type\":\"ReadAction\",\"target\":[\"https:\/\/lesdessousdenath.fr\/index.php\/product\/bodystocking-bs085-rouge\/\"]}]},{\"@type\":\"ImageObject\",\"inLanguage\":\"fr-FR\",\"@id\":\"https:\/\/lesdessousdenath.fr\/index.php\/product\/bodystocking-bs085-rouge\/#primaryimage\",\"url\":\"https:\/\/i0.wp.com\/lesdessousdenath.fr\/wp-content\/uploads\/2024\/10\/Body-bs085-rouge-1.jpg?fit=840%2C1500&ssl=1\",\"contentUrl\":\"https:\/\/i0.wp.com\/lesdessousdenath.fr\/wp-content\/uploads\/2024\/10\/Body-bs085-rouge-1.jpg?fit=840%2C1500&ssl=1\",\"width\":840,\"height\":1500},{\"@type\":\"BreadcrumbList\",\"@id\":\"https:\/\/lesdessousdenath.fr\/index.php\/product\/bodystocking-bs085-rouge\/#breadcrumb\",\"itemListElement\":[{\"@type\":\"ListItem\",\"position\":1,\"name\":\"Home\",\"item\":\"https:\/\/lesdessousdenath.fr\/\"},{\"@type\":\"ListItem\",\"position\":2,\"name\":\"BAS &#038; COLLANTS\",\"item\":\"https:\/\/lesdessousdenath.fr\/index.php\/shop\/\"},{\"@type\":\"ListItem\",\"position\":3,\"name\":\"BODYSTOCKING BS085 ROUGE\"}]},{\"@type\":\"WebSite\",\"@id\":\"https:\/\/lesdessousdenath.fr\/#website\",\"url\":\"https:\/\/lesdessousdenath.fr\/\",\"name\":\"Les dessous de Nath\",\"description\":\"Belle en collants\",\"publisher\":{\"@id\":\"https:\/\/lesdessousdenath.fr\/#organization\"},\"potentialAction\":[{\"@type\":\"SearchAction\",\"target\":{\"@type\":\"EntryPoint\",\"urlTemplate\":\"https:\/\/lesdessousdenath.fr\/?s={search_term_string}\"},\"query-input\":{\"@type\":\"PropertyValueSpecification\",\"valueRequired\":true,\"valueName\":\"search_term_string\"}}],\"inLanguage\":\"fr-FR\"},{\"@type\":\"Organization\",\"@id\":\"https:\/\/lesdessousdenath.fr\/#organization\",\"name\":\"Les dessous de Nath\",\"url\":\"https:\/\/lesdessousdenath.fr\/\",\"logo\":{\"@type\":\"ImageObject\",\"inLanguage\":\"fr-FR\",\"@id\":\"https:\/\/lesdessousdenath.fr\/#\/schema\/logo\/image\/\",\"url\":\"https:\/\/lesdessousdenath.fr\/wp-content\/uploads\/2020\/09\/logo.png\",\"contentUrl\":\"https:\/\/lesdessousdenath.fr\/wp-content\/uploads\/2020\/09\/logo.png\",\"width\":207,\"height\":32,\"caption\":\"Les dessous de Nath\"},\"image\":{\"@id\":\"https:\/\/lesdessousdenath.fr\/#\/schema\/logo\/image\/\"},\"sameAs\":[\"https:\/\/www.facebook.com\/Les-dessous-de-Nath-100724281804184\/\",\"https:\/\/x.com\/DessousNath\",\"https:\/\/www.instagram.com\/LesDessousdeNath\"]}]}<\/script>\n<!-- \/ Yoast SEO plugin. -->","yoast_head_json":{"title":"BS085 - bodystocking rouge sexy et ouvert en r\u00e9sille de Passion","description":"Ce bodystocking sexy BS85 rouge et ouvert fait partie de la toute derni\u00e8re collection lanc\u00e9e par la marque de lingerie Passion.","robots":{"index":"index","follow":"follow","max-snippet":"max-snippet:-1","max-image-preview":"max-image-preview:large","max-video-preview":"max-video-preview:-1"},"canonical":"https:\/\/lesdessousdenath.fr\/index.php\/product\/bodystocking-bs085-rouge\/","og_locale":"fr_FR","og_type":"article","og_title":"BS085 - bodystocking rouge sexy et ouvert en r\u00e9sille de Passion","og_description":"Ce bodystocking sexy BS85 rouge et ouvert fait partie de la toute derni\u00e8re collection lanc\u00e9e par la marque de lingerie Passion.","og_url":"https:\/\/lesdessousdenath.fr\/index.php\/product\/bodystocking-bs085-rouge\/","og_site_name":"Les dessous de Nath","article_publisher":"https:\/\/www.facebook.com\/Les-dessous-de-Nath-100724281804184\/","article_modified_time":"2024-12-04T14:46:55+00:00","og_image":[{"width":840,"height":1500,"url":"https:\/\/lesdessousdenath.fr\/wp-content\/uploads\/2024\/10\/Body-bs085-rouge-1.jpg","type":"image\/jpeg"}],"twitter_card":"summary_large_image","twitter_site":"@DessousNath","twitter_misc":{"Dur\u00e9e de lecture estim\u00e9e":"1 minute"},"schema":{"@context":"https:\/\/schema.org","@graph":[{"@type":"WebPage","@id":"https:\/\/lesdessousdenath.fr\/index.php\/product\/bodystocking-bs085-rouge\/","url":"https:\/\/lesdessousdenath.fr\/index.php\/product\/bodystocking-bs085-rouge\/","name":"BS085 - bodystocking rouge sexy et ouvert en r\u00e9sille de Passion","isPartOf":{"@id":"https:\/\/lesdessousdenath.fr\/#website"},"primaryImageOfPage":{"@id":"https:\/\/lesdessousdenath.fr\/index.php\/product\/bodystocking-bs085-rouge\/#primaryimage"},"image":{"@id":"https:\/\/lesdessousdenath.fr\/index.php\/product\/bodystocking-bs085-rouge\/#primaryimage"},"thumbnailUrl":"https:\/\/i0.wp.com\/lesdessousdenath.fr\/wp-content\/uploads\/2024\/10\/Body-bs085-rouge-1.jpg?fit=840%2C1500&ssl=1","datePublished":"2020-08-06T16:04:03+00:00","dateModified":"2024-12-04T14:46:55+00:00","description":"Ce bodystocking sexy BS85 rouge et ouvert fait partie de la toute derni\u00e8re collection lanc\u00e9e par la marque de lingerie Passion.","breadcrumb":{"@id":"https:\/\/lesdessousdenath.fr\/index.php\/product\/bodystocking-bs085-rouge\/#breadcrumb"},"inLanguage":"fr-FR","potentialAction":[{"@type":"ReadAction","target":["https:\/\/lesdessousdenath.fr\/index.php\/product\/bodystocking-bs085-rouge\/"]}]},{"@type":"ImageObject","inLanguage":"fr-FR","@id":"https:\/\/lesdessousdenath.fr\/index.php\/product\/bodystocking-bs085-rouge\/#primaryimage","url":"https:\/\/i0.wp.com\/lesdessousdenath.fr\/wp-content\/uploads\/2024\/10\/Body-bs085-rouge-1.jpg?fit=840%2C1500&ssl=1","contentUrl":"https:\/\/i0.wp.com\/lesdessousdenath.fr\/wp-content\/uploads\/2024\/10\/Body-bs085-rouge-1.jpg?fit=840%2C1500&ssl=1","width":840,"height":1500},{"@type":"BreadcrumbList","@id":"https:\/\/lesdessousdenath.fr\/index.php\/product\/bodystocking-bs085-rouge\/#breadcrumb","itemListElement":[{"@type":"ListItem","position":1,"name":"Home","item":"https:\/\/lesdessousdenath.fr\/"},{"@type":"ListItem","position":2,"name":"BAS &#038; COLLANTS","item":"https:\/\/lesdessousdenath.fr\/index.php\/shop\/"},{"@type":"ListItem","position":3,"name":"BODYSTOCKING BS085 ROUGE"}]},{"@type":"WebSite","@id":"https:\/\/lesdessousdenath.fr\/#website","url":"https:\/\/lesdessousdenath.fr\/","name":"Les dessous de Nath","description":"Belle en collants","publisher":{"@id":"https:\/\/lesdessousdenath.fr\/#organization"},"potentialAction":[{"@type":"SearchAction","target":{"@type":"EntryPoint","urlTemplate":"https:\/\/lesdessousdenath.fr\/?s={search_term_string}"},"query-input":{"@type":"PropertyValueSpecification","valueRequired":true,"valueName":"search_term_string"}}],"inLanguage":"fr-FR"},{"@type":"Organization","@id":"https:\/\/lesdessousdenath.fr\/#organization","name":"Les dessous de Nath","url":"https:\/\/lesdessousdenath.fr\/","logo":{"@type":"ImageObject","inLanguage":"fr-FR","@id":"https:\/\/lesdessousdenath.fr\/#\/schema\/logo\/image\/","url":"https:\/\/lesdessousdenath.fr\/wp-content\/uploads\/2020\/09\/logo.png","contentUrl":"https:\/\/lesdessousdenath.fr\/wp-content\/uploads\/2020\/09\/logo.png","width":207,"height":32,"caption":"Les dessous de Nath"},"image":{"@id":"https:\/\/lesdessousdenath.fr\/#\/schema\/logo\/image\/"},"sameAs":["https:\/\/www.facebook.com\/Les-dessous-de-Nath-100724281804184\/","https:\/\/x.com\/DessousNath","https:\/\/www.instagram.com\/LesDessousdeNath"]}]}},"jetpack_sharing_enabled":true,"_links":{"self":[{"href":"https:\/\/lesdessousdenath.fr\/index.php\/wp-json\/wp\/v2\/product\/10197","targetHints":{"allow":["GET"]}}],"collection":[{"href":"https:\/\/lesdessousdenath.fr\/index.php\/wp-json\/wp\/v2\/product"}],"about":[{"href":"https:\/\/lesdessousdenath.fr\/index.php\/wp-json\/wp\/v2\/types\/product"}],"replies":[{"embeddable":true,"href":"https:\/\/lesdessousdenath.fr\/index.php\/wp-json\/wp\/v2\/comments?post=10197"}],"wp:featuredmedia":[{"embeddable":true,"href":"https:\/\/lesdessousdenath.fr\/index.php\/wp-json\/wp\/v2\/media\/10199"}],"wp:attachment":[{"href":"https:\/\/lesdessousdenath.fr\/index.php\/wp-json\/wp\/v2\/media?parent=10197"}],"wp:term":[{"taxonomy":"product_brand","embeddable":true,"href":"https:\/\/lesdessousdenath.fr\/index.php\/wp-json\/wp\/v2\/product_brand?post=10197"},{"taxonomy":"product_cat","embeddable":true,"href":"https:\/\/lesdessousdenath.fr\/index.php\/wp-json\/wp\/v2\/product_cat?post=10197"},{"taxonomy":"product_tag","embeddable":true,"href":"https:\/\/lesdessousdenath.fr\/index.php\/wp-json\/wp\/v2\/product_tag?post=10197"}],"curies":[{"name":"wp","href":"https:\/\/api.w.org\/{rel}","templated":true}]}}