{"id":10334,"date":"2024-12-01T14:04:00","date_gmt":"2024-12-01T14:04:00","guid":{"rendered":"https:\/\/lesdessousdenath.fr\/?post_type=product&#038;p=10334"},"modified":"2026-01-15T13:41:57","modified_gmt":"2026-01-15T13:41:57","slug":"bas-sandrine","status":"publish","type":"product","link":"https:\/\/lesdessousdenath.fr\/index.php\/product\/bas-sandrine\/","title":{"rendered":"Bas Sandrine"},"content":{"rendered":"<p><strong>Bas autofixants SANDRINE<\/strong><\/p>\n<p>Bas autofixants Sandrine de chez Fiore, exclusifs, sensuels et doux.<\/p>\n<p>Mat, pas d\u2019orteil en surbrillance, dentelle fantaisie et double bande en silicone pour un port confortable.<\/p>\n","protected":false},"excerpt":{"rendered":"<p style=\"margin-top: -100px; margin-left: -45px;\"><img decoding=\"async\" style=\"max-height: 120px;\" src=\"https:\/\/lesdessousdenath.fr\/wp-content\/uploads\/2020\/11\/Nat.png\" \/><\/p>\n<p style=\"font-size: 30px; margin-top: -50px;\"><strong>BAS SANDRINE<\/strong><\/p>\n<p>Bas autofixants Sandrine de chez Fiore, exclusifs, sensuels et doux.<\/p>\n<p>Mat, pas d\u2019orteil en surbrillance, dentelle fantaisie et double bande en silicone pour un port confortable.<br \/>\nFabriqu\u00e9 dans la technologie de tressage, ce qui augmente la qualit\u00e9 et la durabilit\u00e9 du produit.<\/p>\n<blockquote><p>Effet captivant garanti !<\/p><\/blockquote>\n<table style=\"width;100%;\">\n<tr>\n<td style=\"text-align:center; margin:5px; background-color:#ffffff;\">Pochette avant<br \/>\n\t\t\t<a href=\"https:\/\/lesdessousdenath.fr\/wp-content\/uploads\/2021\/01\/Bas-Autofixants-Sandrine-3.jpg\"><br \/>\n\t\t\t\t<img decoding=\"async\" src=\"https:\/\/lesdessousdenath.fr\/wp-content\/uploads\/2021\/01\/Bas-Autofixants-Sandrine-3.jpg\" alt=\"Pochette avant\" style=\"margin-top:-20px;\" \/><br \/>\n\t\t\t<\/a>\n\t\t<\/td>\n<td style=\"text-align:center; margin:5px; background-color:#ffffff;\">Pochette arri\u00e8re<br \/>\n\t\t\t<a href=\"https:\/\/lesdessousdenath.fr\/wp-content\/uploads\/2021\/01\/Bas-Autofixants-Sandrine-4.jpg\"><br \/>\n\t\t\t\t<img decoding=\"async\" src=\"https:\/\/lesdessousdenath.fr\/wp-content\/uploads\/2021\/01\/Bas-Autofixants-Sandrine-4.jpg\"  style=\"margin-top:-20px;\" \/><br \/>\n\t\t\t<\/a>\n\t\t<\/td>\n<\/tr>\n<\/table>\n<p style=\"text-align: center;\">\n<strong style=\"color:#FF0000;\">Attention !<\/strong><br \/>\nLes tailles peuvent \u00eatre diff\u00e9rentes selon les marques.<br \/>\n<a href=\"https:\/\/lesdessousdenath.fr\/wp-content\/uploads\/2021\/01\/Bas-Autofixants-Sandrine-5.jpg\">Voire le guide des tailles<\/a><\/p>\n","protected":false},"featured_media":3864,"comment_status":"open","ping_status":"closed","template":"","meta":[],"product_brand":[],"product_cat":[208,202],"product_tag":[],"class_list":{"0":"post-10334","1":"product","2":"type-product","3":"status-publish","4":"has-post-thumbnail","6":"product_cat-autofixant","7":"product_cat-bas","9":"first","10":"instock","11":"taxable","12":"shipping-taxable","13":"purchasable","14":"product-type-variable"},"yoast_head":"<!-- This site is optimized with the Yoast SEO plugin v27.2 - https:\/\/yoast.com\/product\/yoast-seo-wordpress\/ -->\n<title>SANDRINE - Bas autofixants noir exclusifs, sensuels et doux<\/title>\n<meta name=\"description\" content=\"Bas sexy autofixants SANDRINE de chez Fiore, exclusifs, sensuels et doux sublim\u00e9s par des jarreti\u00e8res en dentelle. Effet captivant garanti!\" \/>\n<meta name=\"robots\" content=\"index, follow, max-snippet:-1, max-image-preview:large, max-video-preview:-1\" \/>\n<link rel=\"canonical\" href=\"https:\/\/lesdessousdenath.fr\/index.php\/product\/bas-sandrine\/\" \/>\n<meta property=\"og:locale\" content=\"fr_FR\" \/>\n<meta property=\"og:type\" content=\"article\" \/>\n<meta property=\"og:title\" content=\"SANDRINE - Bas autofixants noir exclusifs, sensuels et doux\" \/>\n<meta property=\"og:description\" content=\"Bas sexy autofixants SANDRINE de chez Fiore, exclusifs, sensuels et doux sublim\u00e9s par des jarreti\u00e8res en dentelle. Effet captivant garanti!\" \/>\n<meta property=\"og:url\" content=\"https:\/\/lesdessousdenath.fr\/index.php\/product\/bas-sandrine\/\" \/>\n<meta property=\"og:site_name\" content=\"Les dessous de Nath\" \/>\n<meta property=\"article:publisher\" content=\"https:\/\/www.facebook.com\/Les-dessous-de-Nath-100724281804184\/\" \/>\n<meta property=\"article:modified_time\" content=\"2026-01-15T13:41:57+00:00\" \/>\n<meta property=\"og:image\" content=\"https:\/\/lesdessousdenath.fr\/wp-content\/uploads\/2021\/01\/Bas-Autofixants-Sandrine-1.jpg\" \/>\n\t<meta property=\"og:image:width\" content=\"844\" \/>\n\t<meta property=\"og:image:height\" content=\"1500\" \/>\n\t<meta property=\"og:image:type\" content=\"image\/jpeg\" \/>\n<meta name=\"twitter:card\" content=\"summary_large_image\" \/>\n<meta name=\"twitter:site\" content=\"@DessousNath\" \/>\n<meta name=\"twitter:label1\" content=\"Dur\u00e9e de lecture estim\u00e9e\" \/>\n\t<meta name=\"twitter:data1\" content=\"1 minute\" \/>\n<script type=\"application\/ld+json\" class=\"yoast-schema-graph\">{\"@context\":\"https:\/\/schema.org\",\"@graph\":[{\"@type\":\"WebPage\",\"@id\":\"https:\/\/lesdessousdenath.fr\/index.php\/product\/bas-sandrine\/\",\"url\":\"https:\/\/lesdessousdenath.fr\/index.php\/product\/bas-sandrine\/\",\"name\":\"SANDRINE - Bas autofixants noir exclusifs, sensuels et doux\",\"isPartOf\":{\"@id\":\"https:\/\/lesdessousdenath.fr\/#website\"},\"primaryImageOfPage\":{\"@id\":\"https:\/\/lesdessousdenath.fr\/index.php\/product\/bas-sandrine\/#primaryimage\"},\"image\":{\"@id\":\"https:\/\/lesdessousdenath.fr\/index.php\/product\/bas-sandrine\/#primaryimage\"},\"thumbnailUrl\":\"https:\/\/i0.wp.com\/lesdessousdenath.fr\/wp-content\/uploads\/2021\/01\/Bas-Autofixants-Sandrine-1.jpg?fit=844%2C1500&ssl=1\",\"datePublished\":\"2024-12-01T14:04:00+00:00\",\"dateModified\":\"2026-01-15T13:41:57+00:00\",\"description\":\"Bas sexy autofixants SANDRINE de chez Fiore, exclusifs, sensuels et doux sublim\u00e9s par des jarreti\u00e8res en dentelle. Effet captivant garanti!\",\"breadcrumb\":{\"@id\":\"https:\/\/lesdessousdenath.fr\/index.php\/product\/bas-sandrine\/#breadcrumb\"},\"inLanguage\":\"fr-FR\",\"potentialAction\":[{\"@type\":\"ReadAction\",\"target\":[\"https:\/\/lesdessousdenath.fr\/index.php\/product\/bas-sandrine\/\"]}]},{\"@type\":\"ImageObject\",\"inLanguage\":\"fr-FR\",\"@id\":\"https:\/\/lesdessousdenath.fr\/index.php\/product\/bas-sandrine\/#primaryimage\",\"url\":\"https:\/\/i0.wp.com\/lesdessousdenath.fr\/wp-content\/uploads\/2021\/01\/Bas-Autofixants-Sandrine-1.jpg?fit=844%2C1500&ssl=1\",\"contentUrl\":\"https:\/\/i0.wp.com\/lesdessousdenath.fr\/wp-content\/uploads\/2021\/01\/Bas-Autofixants-Sandrine-1.jpg?fit=844%2C1500&ssl=1\",\"width\":844,\"height\":1500,\"caption\":\"Bas Autofixants Sandrine de chez Fiore\"},{\"@type\":\"BreadcrumbList\",\"@id\":\"https:\/\/lesdessousdenath.fr\/index.php\/product\/bas-sandrine\/#breadcrumb\",\"itemListElement\":[{\"@type\":\"ListItem\",\"position\":1,\"name\":\"Home\",\"item\":\"https:\/\/lesdessousdenath.fr\/\"},{\"@type\":\"ListItem\",\"position\":2,\"name\":\"BAS &#038; COLLANTS\",\"item\":\"https:\/\/lesdessousdenath.fr\/index.php\/shop\/\"},{\"@type\":\"ListItem\",\"position\":3,\"name\":\"Bas Sandrine\"}]},{\"@type\":\"WebSite\",\"@id\":\"https:\/\/lesdessousdenath.fr\/#website\",\"url\":\"https:\/\/lesdessousdenath.fr\/\",\"name\":\"Les dessous de Nath\",\"description\":\"Belle en collants\",\"publisher\":{\"@id\":\"https:\/\/lesdessousdenath.fr\/#organization\"},\"potentialAction\":[{\"@type\":\"SearchAction\",\"target\":{\"@type\":\"EntryPoint\",\"urlTemplate\":\"https:\/\/lesdessousdenath.fr\/?s={search_term_string}\"},\"query-input\":{\"@type\":\"PropertyValueSpecification\",\"valueRequired\":true,\"valueName\":\"search_term_string\"}}],\"inLanguage\":\"fr-FR\"},{\"@type\":\"Organization\",\"@id\":\"https:\/\/lesdessousdenath.fr\/#organization\",\"name\":\"Les dessous de Nath\",\"url\":\"https:\/\/lesdessousdenath.fr\/\",\"logo\":{\"@type\":\"ImageObject\",\"inLanguage\":\"fr-FR\",\"@id\":\"https:\/\/lesdessousdenath.fr\/#\/schema\/logo\/image\/\",\"url\":\"https:\/\/lesdessousdenath.fr\/wp-content\/uploads\/2020\/09\/logo.png\",\"contentUrl\":\"https:\/\/lesdessousdenath.fr\/wp-content\/uploads\/2020\/09\/logo.png\",\"width\":207,\"height\":32,\"caption\":\"Les dessous de Nath\"},\"image\":{\"@id\":\"https:\/\/lesdessousdenath.fr\/#\/schema\/logo\/image\/\"},\"sameAs\":[\"https:\/\/www.facebook.com\/Les-dessous-de-Nath-100724281804184\/\",\"https:\/\/x.com\/DessousNath\",\"https:\/\/www.instagram.com\/LesDessousdeNath\"]}]}<\/script>\n<!-- \/ Yoast SEO plugin. -->","yoast_head_json":{"title":"SANDRINE - Bas autofixants noir exclusifs, sensuels et doux","description":"Bas sexy autofixants SANDRINE de chez Fiore, exclusifs, sensuels et doux sublim\u00e9s par des jarreti\u00e8res en dentelle. Effet captivant garanti!","robots":{"index":"index","follow":"follow","max-snippet":"max-snippet:-1","max-image-preview":"max-image-preview:large","max-video-preview":"max-video-preview:-1"},"canonical":"https:\/\/lesdessousdenath.fr\/index.php\/product\/bas-sandrine\/","og_locale":"fr_FR","og_type":"article","og_title":"SANDRINE - Bas autofixants noir exclusifs, sensuels et doux","og_description":"Bas sexy autofixants SANDRINE de chez Fiore, exclusifs, sensuels et doux sublim\u00e9s par des jarreti\u00e8res en dentelle. Effet captivant garanti!","og_url":"https:\/\/lesdessousdenath.fr\/index.php\/product\/bas-sandrine\/","og_site_name":"Les dessous de Nath","article_publisher":"https:\/\/www.facebook.com\/Les-dessous-de-Nath-100724281804184\/","article_modified_time":"2026-01-15T13:41:57+00:00","og_image":[{"width":844,"height":1500,"url":"https:\/\/lesdessousdenath.fr\/wp-content\/uploads\/2021\/01\/Bas-Autofixants-Sandrine-1.jpg","type":"image\/jpeg"}],"twitter_card":"summary_large_image","twitter_site":"@DessousNath","twitter_misc":{"Dur\u00e9e de lecture estim\u00e9e":"1 minute"},"schema":{"@context":"https:\/\/schema.org","@graph":[{"@type":"WebPage","@id":"https:\/\/lesdessousdenath.fr\/index.php\/product\/bas-sandrine\/","url":"https:\/\/lesdessousdenath.fr\/index.php\/product\/bas-sandrine\/","name":"SANDRINE - Bas autofixants noir exclusifs, sensuels et doux","isPartOf":{"@id":"https:\/\/lesdessousdenath.fr\/#website"},"primaryImageOfPage":{"@id":"https:\/\/lesdessousdenath.fr\/index.php\/product\/bas-sandrine\/#primaryimage"},"image":{"@id":"https:\/\/lesdessousdenath.fr\/index.php\/product\/bas-sandrine\/#primaryimage"},"thumbnailUrl":"https:\/\/i0.wp.com\/lesdessousdenath.fr\/wp-content\/uploads\/2021\/01\/Bas-Autofixants-Sandrine-1.jpg?fit=844%2C1500&ssl=1","datePublished":"2024-12-01T14:04:00+00:00","dateModified":"2026-01-15T13:41:57+00:00","description":"Bas sexy autofixants SANDRINE de chez Fiore, exclusifs, sensuels et doux sublim\u00e9s par des jarreti\u00e8res en dentelle. Effet captivant garanti!","breadcrumb":{"@id":"https:\/\/lesdessousdenath.fr\/index.php\/product\/bas-sandrine\/#breadcrumb"},"inLanguage":"fr-FR","potentialAction":[{"@type":"ReadAction","target":["https:\/\/lesdessousdenath.fr\/index.php\/product\/bas-sandrine\/"]}]},{"@type":"ImageObject","inLanguage":"fr-FR","@id":"https:\/\/lesdessousdenath.fr\/index.php\/product\/bas-sandrine\/#primaryimage","url":"https:\/\/i0.wp.com\/lesdessousdenath.fr\/wp-content\/uploads\/2021\/01\/Bas-Autofixants-Sandrine-1.jpg?fit=844%2C1500&ssl=1","contentUrl":"https:\/\/i0.wp.com\/lesdessousdenath.fr\/wp-content\/uploads\/2021\/01\/Bas-Autofixants-Sandrine-1.jpg?fit=844%2C1500&ssl=1","width":844,"height":1500,"caption":"Bas Autofixants Sandrine de chez Fiore"},{"@type":"BreadcrumbList","@id":"https:\/\/lesdessousdenath.fr\/index.php\/product\/bas-sandrine\/#breadcrumb","itemListElement":[{"@type":"ListItem","position":1,"name":"Home","item":"https:\/\/lesdessousdenath.fr\/"},{"@type":"ListItem","position":2,"name":"BAS &#038; COLLANTS","item":"https:\/\/lesdessousdenath.fr\/index.php\/shop\/"},{"@type":"ListItem","position":3,"name":"Bas Sandrine"}]},{"@type":"WebSite","@id":"https:\/\/lesdessousdenath.fr\/#website","url":"https:\/\/lesdessousdenath.fr\/","name":"Les dessous de Nath","description":"Belle en collants","publisher":{"@id":"https:\/\/lesdessousdenath.fr\/#organization"},"potentialAction":[{"@type":"SearchAction","target":{"@type":"EntryPoint","urlTemplate":"https:\/\/lesdessousdenath.fr\/?s={search_term_string}"},"query-input":{"@type":"PropertyValueSpecification","valueRequired":true,"valueName":"search_term_string"}}],"inLanguage":"fr-FR"},{"@type":"Organization","@id":"https:\/\/lesdessousdenath.fr\/#organization","name":"Les dessous de Nath","url":"https:\/\/lesdessousdenath.fr\/","logo":{"@type":"ImageObject","inLanguage":"fr-FR","@id":"https:\/\/lesdessousdenath.fr\/#\/schema\/logo\/image\/","url":"https:\/\/lesdessousdenath.fr\/wp-content\/uploads\/2020\/09\/logo.png","contentUrl":"https:\/\/lesdessousdenath.fr\/wp-content\/uploads\/2020\/09\/logo.png","width":207,"height":32,"caption":"Les dessous de Nath"},"image":{"@id":"https:\/\/lesdessousdenath.fr\/#\/schema\/logo\/image\/"},"sameAs":["https:\/\/www.facebook.com\/Les-dessous-de-Nath-100724281804184\/","https:\/\/x.com\/DessousNath","https:\/\/www.instagram.com\/LesDessousdeNath"]}]}},"jetpack_sharing_enabled":true,"_links":{"self":[{"href":"https:\/\/lesdessousdenath.fr\/index.php\/wp-json\/wp\/v2\/product\/10334","targetHints":{"allow":["GET"]}}],"collection":[{"href":"https:\/\/lesdessousdenath.fr\/index.php\/wp-json\/wp\/v2\/product"}],"about":[{"href":"https:\/\/lesdessousdenath.fr\/index.php\/wp-json\/wp\/v2\/types\/product"}],"replies":[{"embeddable":true,"href":"https:\/\/lesdessousdenath.fr\/index.php\/wp-json\/wp\/v2\/comments?post=10334"}],"wp:featuredmedia":[{"embeddable":true,"href":"https:\/\/lesdessousdenath.fr\/index.php\/wp-json\/wp\/v2\/media\/3864"}],"wp:attachment":[{"href":"https:\/\/lesdessousdenath.fr\/index.php\/wp-json\/wp\/v2\/media?parent=10334"}],"wp:term":[{"taxonomy":"product_brand","embeddable":true,"href":"https:\/\/lesdessousdenath.fr\/index.php\/wp-json\/wp\/v2\/product_brand?post=10334"},{"taxonomy":"product_cat","embeddable":true,"href":"https:\/\/lesdessousdenath.fr\/index.php\/wp-json\/wp\/v2\/product_cat?post=10334"},{"taxonomy":"product_tag","embeddable":true,"href":"https:\/\/lesdessousdenath.fr\/index.php\/wp-json\/wp\/v2\/product_tag?post=10334"}],"curies":[{"name":"wp","href":"https:\/\/api.w.org\/{rel}","templated":true}]}}