{"id":10338,"date":"2024-12-01T14:25:00","date_gmt":"2024-12-01T14:25:00","guid":{"rendered":"https:\/\/lesdessousdenath.fr\/?post_type=product&#038;p=10338"},"modified":"2026-02-21T08:12:14","modified_gmt":"2026-02-21T08:12:14","slug":"bas-scarlett","status":"publish","type":"product","link":"https:\/\/lesdessousdenath.fr\/index.php\/product\/bas-scarlett\/","title":{"rendered":"Bas Scarlett"},"content":{"rendered":"<p><strong>Bas Scarlett pour porte-jarretelles<\/strong><\/p>\n<p>Bas non-autofixant a porter avec un porte-jarretelles !<\/p>\n<p>Scarlett est une femme confiante qui sait profiter de la vie.<br \/>\nElle a le courage de changer sa couleur de cheveux comme \u00e7a.<br \/>\nUn jour, elle est blonde fonc\u00e9e, le lendemain elle surprend avec un rouge profond.<\/p>\n<p>Comme nos bas pour porte jarretelles avec un motif arabesque \u00e9carlate et une couture arri\u00e8re de la m\u00eame couleur.<\/p>\n","protected":false},"excerpt":{"rendered":"<p style=\"margin-top: -100px; margin-left: -45px;\"><img decoding=\"async\" style=\"max-height: 120px;\" src=\"https:\/\/lesdessousdenath.fr\/wp-content\/uploads\/2020\/11\/Nat.png\" \/><\/p>\n<p style=\"font-size: 30px; margin-top: -50px;\"><strong>BAS SCARLETT<\/strong><\/p>\n<p><strong>Bas non-autofixant a porter avec un porte-jarretelles !<\/strong><\/p>\n<p>Scarlett est une femme confiante qui sait profiter de la vie.<br \/>\nElle a le courage de changer sa couleur de cheveux comme \u00e7a.<br \/>\nUn jour, elle est blonde fonc\u00e9e, le lendemain elle surprend avec un rouge profond.<\/p>\n<p>Comme nos bas pour porte jarretelles avec un motif arabesque \u00e9carlate et une couture arri\u00e8re de la m\u00eame couleur.<\/p>\n<table style=\"width;100%;\">\n<tbody>\n<tr>\n<td style=\"text-align: center; margin: 5px; background-color: #ffffff;\">Pochette avant<br \/>\n<a href=\"https:\/\/lesdessousdenath.fr\/wp-content\/uploads\/2021\/05\/Bas-Pour-Porte-Jarretelles-Scarlett-4.jpg\"><br \/>\n<img decoding=\"async\" style=\"margin-top: -20px;\" src=\"https:\/\/lesdessousdenath.fr\/wp-content\/uploads\/2021\/05\/Bas-Pour-Porte-Jarretelles-Scarlett-4.jpg\" \/><br \/>\n<\/a><\/td>\n<td style=\"text-align: center; margin: 5px; background-color: #ffffff;\">Pochette arri\u00e8re<br \/>\n<a href=\"https:\/\/lesdessousdenath.fr\/wp-content\/uploads\/2021\/05\/Bas-Pour-Porte-Jarretelles-Scarlett-5.jpg\"><br \/>\n<img decoding=\"async\" style=\"margin-top: -20px;\" src=\"https:\/\/lesdessousdenath.fr\/wp-content\/uploads\/2021\/05\/Bas-Pour-Porte-Jarretelles-Scarlett-5.jpg\" \/><br \/>\n<\/a><\/td>\n<\/tr>\n<\/tbody>\n<\/table>\n<p style=\"text-align: center;\"><strong style=\"color: #ff0000;\">Attention !<\/strong><br \/>\nLes tailles peuvent \u00eatre diff\u00e9rentes selon les marques.<br \/>\n<a href=\"https:\/\/lesdessousdenath.fr\/wp-content\/uploads\/2021\/05\/Bas-Pour-Porte-Jarretelles-Scarlett-6.jpg\">Voire le guide des tailles<\/a><\/p>\n","protected":false},"featured_media":5695,"comment_status":"open","ping_status":"closed","template":"","meta":[],"product_brand":[],"product_cat":[202,209],"product_tag":[],"class_list":{"0":"post-10338","1":"product","2":"type-product","3":"status-publish","4":"has-post-thumbnail","6":"product_cat-bas","7":"product_cat-pour-porte-jarretelles","9":"first","10":"instock","11":"taxable","12":"shipping-taxable","13":"purchasable","14":"product-type-variable"},"yoast_head":"<!-- This site is optimized with the Yoast SEO plugin v27.2 - https:\/\/yoast.com\/product\/yoast-seo-wordpress\/ -->\n<title>SCARLETT - Bas sexy noir avec jarreti\u00e8re rouge de chez FIORE<\/title>\n<meta name=\"description\" content=\"Ces bas SCARLETT de la marque Fiore sont \u00e0 porter avec un porte-jarretelles ou une gu\u00eapi\u00e8re. Finition rouge sur jarreti\u00e8re et couture en 20 Deniers\" \/>\n<meta name=\"robots\" content=\"index, follow, max-snippet:-1, max-image-preview:large, max-video-preview:-1\" \/>\n<link rel=\"canonical\" href=\"https:\/\/lesdessousdenath.fr\/index.php\/product\/bas-scarlett\/\" \/>\n<meta property=\"og:locale\" content=\"fr_FR\" \/>\n<meta property=\"og:type\" content=\"article\" \/>\n<meta property=\"og:title\" content=\"SCARLETT - Bas sexy noir avec jarreti\u00e8re rouge de chez FIORE\" \/>\n<meta property=\"og:description\" content=\"Ces bas SCARLETT de la marque Fiore sont \u00e0 porter avec un porte-jarretelles ou une gu\u00eapi\u00e8re. Finition rouge sur jarreti\u00e8re et couture en 20 Deniers\" \/>\n<meta property=\"og:url\" content=\"https:\/\/lesdessousdenath.fr\/index.php\/product\/bas-scarlett\/\" \/>\n<meta property=\"og:site_name\" content=\"Les dessous de Nath\" \/>\n<meta property=\"article:publisher\" content=\"https:\/\/www.facebook.com\/Les-dessous-de-Nath-100724281804184\/\" \/>\n<meta property=\"article:modified_time\" content=\"2026-02-21T08:12:14+00:00\" \/>\n<meta property=\"og:image\" content=\"https:\/\/lesdessousdenath.fr\/wp-content\/uploads\/2021\/05\/Bas-Pour-Porte-Jarretelles-Scarlett-1.jpg\" \/>\n\t<meta property=\"og:image:width\" content=\"844\" \/>\n\t<meta property=\"og:image:height\" content=\"1500\" \/>\n\t<meta property=\"og:image:type\" content=\"image\/jpeg\" \/>\n<meta name=\"twitter:card\" content=\"summary_large_image\" \/>\n<meta name=\"twitter:site\" content=\"@DessousNath\" \/>\n<meta name=\"twitter:label1\" content=\"Dur\u00e9e de lecture estim\u00e9e\" \/>\n\t<meta name=\"twitter:data1\" content=\"1 minute\" \/>\n<script type=\"application\/ld+json\" class=\"yoast-schema-graph\">{\"@context\":\"https:\/\/schema.org\",\"@graph\":[{\"@type\":\"WebPage\",\"@id\":\"https:\/\/lesdessousdenath.fr\/index.php\/product\/bas-scarlett\/\",\"url\":\"https:\/\/lesdessousdenath.fr\/index.php\/product\/bas-scarlett\/\",\"name\":\"SCARLETT - Bas sexy noir avec jarreti\u00e8re rouge de chez FIORE\",\"isPartOf\":{\"@id\":\"https:\/\/lesdessousdenath.fr\/#website\"},\"primaryImageOfPage\":{\"@id\":\"https:\/\/lesdessousdenath.fr\/index.php\/product\/bas-scarlett\/#primaryimage\"},\"image\":{\"@id\":\"https:\/\/lesdessousdenath.fr\/index.php\/product\/bas-scarlett\/#primaryimage\"},\"thumbnailUrl\":\"https:\/\/i0.wp.com\/lesdessousdenath.fr\/wp-content\/uploads\/2021\/05\/Bas-Pour-Porte-Jarretelles-Scarlett-1.jpg?fit=844%2C1500&ssl=1\",\"datePublished\":\"2024-12-01T14:25:00+00:00\",\"dateModified\":\"2026-02-21T08:12:14+00:00\",\"description\":\"Ces bas SCARLETT de la marque Fiore sont \u00e0 porter avec un porte-jarretelles ou une gu\u00eapi\u00e8re. Finition rouge sur jarreti\u00e8re et couture en 20 Deniers\",\"breadcrumb\":{\"@id\":\"https:\/\/lesdessousdenath.fr\/index.php\/product\/bas-scarlett\/#breadcrumb\"},\"inLanguage\":\"fr-FR\",\"potentialAction\":[{\"@type\":\"ReadAction\",\"target\":[\"https:\/\/lesdessousdenath.fr\/index.php\/product\/bas-scarlett\/\"]}]},{\"@type\":\"ImageObject\",\"inLanguage\":\"fr-FR\",\"@id\":\"https:\/\/lesdessousdenath.fr\/index.php\/product\/bas-scarlett\/#primaryimage\",\"url\":\"https:\/\/i0.wp.com\/lesdessousdenath.fr\/wp-content\/uploads\/2021\/05\/Bas-Pour-Porte-Jarretelles-Scarlett-1.jpg?fit=844%2C1500&ssl=1\",\"contentUrl\":\"https:\/\/i0.wp.com\/lesdessousdenath.fr\/wp-content\/uploads\/2021\/05\/Bas-Pour-Porte-Jarretelles-Scarlett-1.jpg?fit=844%2C1500&ssl=1\",\"width\":844,\"height\":1500,\"caption\":\"Bas Pour Porte-Jarretelles Scarlett\"},{\"@type\":\"BreadcrumbList\",\"@id\":\"https:\/\/lesdessousdenath.fr\/index.php\/product\/bas-scarlett\/#breadcrumb\",\"itemListElement\":[{\"@type\":\"ListItem\",\"position\":1,\"name\":\"Home\",\"item\":\"https:\/\/lesdessousdenath.fr\/\"},{\"@type\":\"ListItem\",\"position\":2,\"name\":\"BAS &#038; COLLANTS\",\"item\":\"https:\/\/lesdessousdenath.fr\/index.php\/shop\/\"},{\"@type\":\"ListItem\",\"position\":3,\"name\":\"Bas Scarlett\"}]},{\"@type\":\"WebSite\",\"@id\":\"https:\/\/lesdessousdenath.fr\/#website\",\"url\":\"https:\/\/lesdessousdenath.fr\/\",\"name\":\"Les dessous de Nath\",\"description\":\"Belle en collants\",\"publisher\":{\"@id\":\"https:\/\/lesdessousdenath.fr\/#organization\"},\"potentialAction\":[{\"@type\":\"SearchAction\",\"target\":{\"@type\":\"EntryPoint\",\"urlTemplate\":\"https:\/\/lesdessousdenath.fr\/?s={search_term_string}\"},\"query-input\":{\"@type\":\"PropertyValueSpecification\",\"valueRequired\":true,\"valueName\":\"search_term_string\"}}],\"inLanguage\":\"fr-FR\"},{\"@type\":\"Organization\",\"@id\":\"https:\/\/lesdessousdenath.fr\/#organization\",\"name\":\"Les dessous de Nath\",\"url\":\"https:\/\/lesdessousdenath.fr\/\",\"logo\":{\"@type\":\"ImageObject\",\"inLanguage\":\"fr-FR\",\"@id\":\"https:\/\/lesdessousdenath.fr\/#\/schema\/logo\/image\/\",\"url\":\"https:\/\/lesdessousdenath.fr\/wp-content\/uploads\/2020\/09\/logo.png\",\"contentUrl\":\"https:\/\/lesdessousdenath.fr\/wp-content\/uploads\/2020\/09\/logo.png\",\"width\":207,\"height\":32,\"caption\":\"Les dessous de Nath\"},\"image\":{\"@id\":\"https:\/\/lesdessousdenath.fr\/#\/schema\/logo\/image\/\"},\"sameAs\":[\"https:\/\/www.facebook.com\/Les-dessous-de-Nath-100724281804184\/\",\"https:\/\/x.com\/DessousNath\",\"https:\/\/www.instagram.com\/LesDessousdeNath\"]}]}<\/script>\n<!-- \/ Yoast SEO plugin. -->","yoast_head_json":{"title":"SCARLETT - Bas sexy noir avec jarreti\u00e8re rouge de chez FIORE","description":"Ces bas SCARLETT de la marque Fiore sont \u00e0 porter avec un porte-jarretelles ou une gu\u00eapi\u00e8re. Finition rouge sur jarreti\u00e8re et couture en 20 Deniers","robots":{"index":"index","follow":"follow","max-snippet":"max-snippet:-1","max-image-preview":"max-image-preview:large","max-video-preview":"max-video-preview:-1"},"canonical":"https:\/\/lesdessousdenath.fr\/index.php\/product\/bas-scarlett\/","og_locale":"fr_FR","og_type":"article","og_title":"SCARLETT - Bas sexy noir avec jarreti\u00e8re rouge de chez FIORE","og_description":"Ces bas SCARLETT de la marque Fiore sont \u00e0 porter avec un porte-jarretelles ou une gu\u00eapi\u00e8re. Finition rouge sur jarreti\u00e8re et couture en 20 Deniers","og_url":"https:\/\/lesdessousdenath.fr\/index.php\/product\/bas-scarlett\/","og_site_name":"Les dessous de Nath","article_publisher":"https:\/\/www.facebook.com\/Les-dessous-de-Nath-100724281804184\/","article_modified_time":"2026-02-21T08:12:14+00:00","og_image":[{"width":844,"height":1500,"url":"https:\/\/lesdessousdenath.fr\/wp-content\/uploads\/2021\/05\/Bas-Pour-Porte-Jarretelles-Scarlett-1.jpg","type":"image\/jpeg"}],"twitter_card":"summary_large_image","twitter_site":"@DessousNath","twitter_misc":{"Dur\u00e9e de lecture estim\u00e9e":"1 minute"},"schema":{"@context":"https:\/\/schema.org","@graph":[{"@type":"WebPage","@id":"https:\/\/lesdessousdenath.fr\/index.php\/product\/bas-scarlett\/","url":"https:\/\/lesdessousdenath.fr\/index.php\/product\/bas-scarlett\/","name":"SCARLETT - Bas sexy noir avec jarreti\u00e8re rouge de chez FIORE","isPartOf":{"@id":"https:\/\/lesdessousdenath.fr\/#website"},"primaryImageOfPage":{"@id":"https:\/\/lesdessousdenath.fr\/index.php\/product\/bas-scarlett\/#primaryimage"},"image":{"@id":"https:\/\/lesdessousdenath.fr\/index.php\/product\/bas-scarlett\/#primaryimage"},"thumbnailUrl":"https:\/\/i0.wp.com\/lesdessousdenath.fr\/wp-content\/uploads\/2021\/05\/Bas-Pour-Porte-Jarretelles-Scarlett-1.jpg?fit=844%2C1500&ssl=1","datePublished":"2024-12-01T14:25:00+00:00","dateModified":"2026-02-21T08:12:14+00:00","description":"Ces bas SCARLETT de la marque Fiore sont \u00e0 porter avec un porte-jarretelles ou une gu\u00eapi\u00e8re. Finition rouge sur jarreti\u00e8re et couture en 20 Deniers","breadcrumb":{"@id":"https:\/\/lesdessousdenath.fr\/index.php\/product\/bas-scarlett\/#breadcrumb"},"inLanguage":"fr-FR","potentialAction":[{"@type":"ReadAction","target":["https:\/\/lesdessousdenath.fr\/index.php\/product\/bas-scarlett\/"]}]},{"@type":"ImageObject","inLanguage":"fr-FR","@id":"https:\/\/lesdessousdenath.fr\/index.php\/product\/bas-scarlett\/#primaryimage","url":"https:\/\/i0.wp.com\/lesdessousdenath.fr\/wp-content\/uploads\/2021\/05\/Bas-Pour-Porte-Jarretelles-Scarlett-1.jpg?fit=844%2C1500&ssl=1","contentUrl":"https:\/\/i0.wp.com\/lesdessousdenath.fr\/wp-content\/uploads\/2021\/05\/Bas-Pour-Porte-Jarretelles-Scarlett-1.jpg?fit=844%2C1500&ssl=1","width":844,"height":1500,"caption":"Bas Pour Porte-Jarretelles Scarlett"},{"@type":"BreadcrumbList","@id":"https:\/\/lesdessousdenath.fr\/index.php\/product\/bas-scarlett\/#breadcrumb","itemListElement":[{"@type":"ListItem","position":1,"name":"Home","item":"https:\/\/lesdessousdenath.fr\/"},{"@type":"ListItem","position":2,"name":"BAS &#038; COLLANTS","item":"https:\/\/lesdessousdenath.fr\/index.php\/shop\/"},{"@type":"ListItem","position":3,"name":"Bas Scarlett"}]},{"@type":"WebSite","@id":"https:\/\/lesdessousdenath.fr\/#website","url":"https:\/\/lesdessousdenath.fr\/","name":"Les dessous de Nath","description":"Belle en collants","publisher":{"@id":"https:\/\/lesdessousdenath.fr\/#organization"},"potentialAction":[{"@type":"SearchAction","target":{"@type":"EntryPoint","urlTemplate":"https:\/\/lesdessousdenath.fr\/?s={search_term_string}"},"query-input":{"@type":"PropertyValueSpecification","valueRequired":true,"valueName":"search_term_string"}}],"inLanguage":"fr-FR"},{"@type":"Organization","@id":"https:\/\/lesdessousdenath.fr\/#organization","name":"Les dessous de Nath","url":"https:\/\/lesdessousdenath.fr\/","logo":{"@type":"ImageObject","inLanguage":"fr-FR","@id":"https:\/\/lesdessousdenath.fr\/#\/schema\/logo\/image\/","url":"https:\/\/lesdessousdenath.fr\/wp-content\/uploads\/2020\/09\/logo.png","contentUrl":"https:\/\/lesdessousdenath.fr\/wp-content\/uploads\/2020\/09\/logo.png","width":207,"height":32,"caption":"Les dessous de Nath"},"image":{"@id":"https:\/\/lesdessousdenath.fr\/#\/schema\/logo\/image\/"},"sameAs":["https:\/\/www.facebook.com\/Les-dessous-de-Nath-100724281804184\/","https:\/\/x.com\/DessousNath","https:\/\/www.instagram.com\/LesDessousdeNath"]}]}},"jetpack_sharing_enabled":true,"_links":{"self":[{"href":"https:\/\/lesdessousdenath.fr\/index.php\/wp-json\/wp\/v2\/product\/10338","targetHints":{"allow":["GET"]}}],"collection":[{"href":"https:\/\/lesdessousdenath.fr\/index.php\/wp-json\/wp\/v2\/product"}],"about":[{"href":"https:\/\/lesdessousdenath.fr\/index.php\/wp-json\/wp\/v2\/types\/product"}],"replies":[{"embeddable":true,"href":"https:\/\/lesdessousdenath.fr\/index.php\/wp-json\/wp\/v2\/comments?post=10338"}],"wp:featuredmedia":[{"embeddable":true,"href":"https:\/\/lesdessousdenath.fr\/index.php\/wp-json\/wp\/v2\/media\/5695"}],"wp:attachment":[{"href":"https:\/\/lesdessousdenath.fr\/index.php\/wp-json\/wp\/v2\/media?parent=10338"}],"wp:term":[{"taxonomy":"product_brand","embeddable":true,"href":"https:\/\/lesdessousdenath.fr\/index.php\/wp-json\/wp\/v2\/product_brand?post=10338"},{"taxonomy":"product_cat","embeddable":true,"href":"https:\/\/lesdessousdenath.fr\/index.php\/wp-json\/wp\/v2\/product_cat?post=10338"},{"taxonomy":"product_tag","embeddable":true,"href":"https:\/\/lesdessousdenath.fr\/index.php\/wp-json\/wp\/v2\/product_tag?post=10338"}],"curies":[{"name":"wp","href":"https:\/\/api.w.org\/{rel}","templated":true}]}}