{"id":10784,"date":"2025-08-29T10:46:09","date_gmt":"2025-08-29T10:46:09","guid":{"rendered":"https:\/\/lesdessousdenath.fr\/?post_type=product&#038;p=10784"},"modified":"2026-04-16T00:46:41","modified_gmt":"2026-04-16T00:46:41","slug":"collant-verde-noir","status":"publish","type":"product","link":"https:\/\/lesdessousdenath.fr\/index.php\/product\/collant-verde-noir\/","title":{"rendered":"Collant VERDE noir"},"content":{"rendered":"<p><strong>Collant VERDE noir<\/strong><\/p>\n<p>La fibre doublement enlac\u00e9e d&rsquo;une soie en polyamide utilis\u00e9e dans ce mod\u00e8le, gr\u00e2ce \u00e0 sa structure d\u00e9licate, compacte, est tr\u00e8s douce et velout\u00e9e au toucher, ce qui rend les collants \u00e0 petits points plus robustes et fait qu&rsquo;ils se filent moins facilement.<br \/>\nL&rsquo;\u00e9paisseur de 20 deniers permet aux collants d&rsquo;envelopper les jambes d&rsquo;un tissu doux et agr\u00e9able au toucher.<\/p>\n<p>\u2714 Collants \u00e0 motifs<br \/>\n\u2714 Collants avec motif de feuille \u00e9tendue de faux philodendron de couleur verte<br \/>\n\u2714 Collants de 20 deniers<br \/>\n\u2714 Fibres \u00e9lastiques<br \/>\n\u2714 Petit gousset en coton<br \/>\n\u2714 Pas de partie culottes distincte<br \/>\n\u2714 Pas de partie orteils distincte<br \/>\n\u2714 85% polyamide, 15% \u00e9lasthanne <\/p>\n","protected":false},"excerpt":{"rendered":"<p style=\"margin-top: -100px; margin-left: -45px;\"><img decoding=\"async\" style=\"max-height: 120px;\" src=\"https:\/\/lesdessousdenath.fr\/wp-content\/uploads\/2020\/11\/Nat.png\" \/><\/p>\n<p style=\"font-size: 30px; margin-top: -50px;\"><strong>COLLANT VERDE NOIR<\/strong><\/p>\n<p>Une feuille \u00e9tendue de faux philodendron de couleur verte juteuse est un r\u00eave non seulement de chaque jardini\u00e8re, mais aussi l&rsquo;un des motifs les plus \u00e0 la mode dans les derni\u00e8res saisons.<br \/>\nRien d&rsquo;\u00e9tonnant donc que ce mod\u00e8le de collants <strong>VERDE<\/strong> de ligne Fashion Collection d\u00e9cor\u00e9 avec ce motif juste au-dessus de la cheville suscite l&rsquo;admiration.<br \/>\nTrois feuilles d\u00e9coratives de faux philodendron sur les jambes de ces collants fins.<\/p>\n<blockquote><p>Le mod\u00e8le <strong>VERDE<\/strong> \u00e9merveille gr\u00e2ce au motif plac\u00e9 au-dessus de la cheville.<\/p>\n<p>Les feuilles de faux philodendron sur les collants attirent les regards gr\u00e2ce \u00e0 leurs couleurs satur\u00e9es.<\/p><\/blockquote>\n<table>\n<tbody>\n<tr>\n<td style=\"text-align: center; margin: 5px; background-color: #ffffff;\">Pochette avant<br \/>\n<a href=\"https:\/\/lesdessousdenath.fr\/wp-content\/uploads\/2025\/08\/Collant-Verde-5.jpg\"><br \/>\n<img decoding=\"async\" src=\"https:\/\/lesdessousdenath.fr\/wp-content\/uploads\/2025\/08\/Collant-Verde-5.jpg\" \/><br \/>\n<\/a><\/td>\n<td style=\"text-align: center; margin: 5px; background-color: #ffffff;\">Pochette arri\u00e8re<br \/>\n<a href=\"https:\/\/lesdessousdenath.fr\/wp-content\/uploads\/2025\/08\/Collant-Verde-6.jpg\"><br \/>\n<img decoding=\"async\" src=\"https:\/\/lesdessousdenath.fr\/wp-content\/uploads\/2025\/08\/Collant-Verde-6.jpg\" \/><br \/>\n<\/a><\/td>\n<\/tr>\n<\/tbody>\n<\/table>\n<p style=\"text-align: center;\"><strong style=\"color: #ff0000;\">Attention !<\/strong><br \/>\nLes tailles peuvent \u00eatre diff\u00e9rentes selon les marques.<br \/>\n<a href=\"https:\/\/lesdessousdenath.fr\/wp-content\/uploads\/2025\/08\/Collant-Verde-7.jpg\">Voire le guide des tailles<\/a><\/p>\n","protected":false},"featured_media":10788,"comment_status":"open","ping_status":"closed","template":"","meta":[],"product_brand":[],"product_cat":[76],"product_tag":[],"class_list":{"0":"post-10784","1":"product","2":"type-product","3":"status-publish","4":"has-post-thumbnail","6":"product_cat-collants","8":"first","9":"instock","10":"taxable","11":"shipping-taxable","12":"purchasable","13":"product-type-variable"},"yoast_head":"<!-- This site is optimized with the Yoast SEO plugin v27.2 - https:\/\/yoast.com\/product\/yoast-seo-wordpress\/ -->\n<title>VERDE - collants chair \u00e0 motif de feuille de philodendron verte<\/title>\n<meta name=\"description\" content=\"Ces collants VERDE \u00e0 motif sont d\u00e9cor\u00e9s de feuille \u00e9tendue de faux philodendron de couleur verte\" \/>\n<meta name=\"robots\" content=\"index, follow, max-snippet:-1, max-image-preview:large, max-video-preview:-1\" \/>\n<link rel=\"canonical\" href=\"https:\/\/lesdessousdenath.fr\/index.php\/product\/collant-verde-noir\/\" \/>\n<meta property=\"og:locale\" content=\"fr_FR\" \/>\n<meta property=\"og:type\" content=\"article\" \/>\n<meta property=\"og:title\" content=\"VERDE - collants chair \u00e0 motif de feuille de philodendron verte\" \/>\n<meta property=\"og:description\" content=\"Ces collants VERDE \u00e0 motif sont d\u00e9cor\u00e9s de feuille \u00e9tendue de faux philodendron de couleur verte\" \/>\n<meta property=\"og:url\" content=\"https:\/\/lesdessousdenath.fr\/index.php\/product\/collant-verde-noir\/\" \/>\n<meta property=\"og:site_name\" content=\"Les dessous de Nath\" \/>\n<meta property=\"article:publisher\" content=\"https:\/\/www.facebook.com\/Les-dessous-de-Nath-100724281804184\/\" \/>\n<meta property=\"article:modified_time\" content=\"2026-04-16T00:46:41+00:00\" \/>\n<meta property=\"og:image\" content=\"https:\/\/lesdessousdenath.fr\/wp-content\/uploads\/2025\/08\/Collant-Verde-1.jpg\" \/>\n\t<meta property=\"og:image:width\" content=\"840\" \/>\n\t<meta property=\"og:image:height\" content=\"1500\" \/>\n\t<meta property=\"og:image:type\" content=\"image\/jpeg\" \/>\n<meta name=\"twitter:card\" content=\"summary_large_image\" \/>\n<meta name=\"twitter:site\" content=\"@DessousNath\" \/>\n<meta name=\"twitter:label1\" content=\"Dur\u00e9e de lecture estim\u00e9e\" \/>\n\t<meta name=\"twitter:data1\" content=\"1 minute\" \/>\n<script type=\"application\/ld+json\" class=\"yoast-schema-graph\">{\"@context\":\"https:\/\/schema.org\",\"@graph\":[{\"@type\":\"WebPage\",\"@id\":\"https:\/\/lesdessousdenath.fr\/index.php\/product\/collant-verde-noir\/\",\"url\":\"https:\/\/lesdessousdenath.fr\/index.php\/product\/collant-verde-noir\/\",\"name\":\"VERDE - collants chair \u00e0 motif de feuille de philodendron verte\",\"isPartOf\":{\"@id\":\"https:\/\/lesdessousdenath.fr\/#website\"},\"primaryImageOfPage\":{\"@id\":\"https:\/\/lesdessousdenath.fr\/index.php\/product\/collant-verde-noir\/#primaryimage\"},\"image\":{\"@id\":\"https:\/\/lesdessousdenath.fr\/index.php\/product\/collant-verde-noir\/#primaryimage\"},\"thumbnailUrl\":\"https:\/\/i0.wp.com\/lesdessousdenath.fr\/wp-content\/uploads\/2025\/08\/Collant-Verde-1.jpg?fit=840%2C1500&ssl=1\",\"datePublished\":\"2025-08-29T10:46:09+00:00\",\"dateModified\":\"2026-04-16T00:46:41+00:00\",\"description\":\"Ces collants VERDE \u00e0 motif sont d\u00e9cor\u00e9s de feuille \u00e9tendue de faux philodendron de couleur verte\",\"breadcrumb\":{\"@id\":\"https:\/\/lesdessousdenath.fr\/index.php\/product\/collant-verde-noir\/#breadcrumb\"},\"inLanguage\":\"fr-FR\",\"potentialAction\":[{\"@type\":\"ReadAction\",\"target\":[\"https:\/\/lesdessousdenath.fr\/index.php\/product\/collant-verde-noir\/\"]}]},{\"@type\":\"ImageObject\",\"inLanguage\":\"fr-FR\",\"@id\":\"https:\/\/lesdessousdenath.fr\/index.php\/product\/collant-verde-noir\/#primaryimage\",\"url\":\"https:\/\/i0.wp.com\/lesdessousdenath.fr\/wp-content\/uploads\/2025\/08\/Collant-Verde-1.jpg?fit=840%2C1500&ssl=1\",\"contentUrl\":\"https:\/\/i0.wp.com\/lesdessousdenath.fr\/wp-content\/uploads\/2025\/08\/Collant-Verde-1.jpg?fit=840%2C1500&ssl=1\",\"width\":840,\"height\":1500},{\"@type\":\"BreadcrumbList\",\"@id\":\"https:\/\/lesdessousdenath.fr\/index.php\/product\/collant-verde-noir\/#breadcrumb\",\"itemListElement\":[{\"@type\":\"ListItem\",\"position\":1,\"name\":\"Home\",\"item\":\"https:\/\/lesdessousdenath.fr\/\"},{\"@type\":\"ListItem\",\"position\":2,\"name\":\"BAS &#038; COLLANTS\",\"item\":\"https:\/\/lesdessousdenath.fr\/index.php\/shop\/\"},{\"@type\":\"ListItem\",\"position\":3,\"name\":\"Collant VERDE noir\"}]},{\"@type\":\"WebSite\",\"@id\":\"https:\/\/lesdessousdenath.fr\/#website\",\"url\":\"https:\/\/lesdessousdenath.fr\/\",\"name\":\"Les dessous de Nath\",\"description\":\"Belle en collants\",\"publisher\":{\"@id\":\"https:\/\/lesdessousdenath.fr\/#organization\"},\"potentialAction\":[{\"@type\":\"SearchAction\",\"target\":{\"@type\":\"EntryPoint\",\"urlTemplate\":\"https:\/\/lesdessousdenath.fr\/?s={search_term_string}\"},\"query-input\":{\"@type\":\"PropertyValueSpecification\",\"valueRequired\":true,\"valueName\":\"search_term_string\"}}],\"inLanguage\":\"fr-FR\"},{\"@type\":\"Organization\",\"@id\":\"https:\/\/lesdessousdenath.fr\/#organization\",\"name\":\"Les dessous de Nath\",\"url\":\"https:\/\/lesdessousdenath.fr\/\",\"logo\":{\"@type\":\"ImageObject\",\"inLanguage\":\"fr-FR\",\"@id\":\"https:\/\/lesdessousdenath.fr\/#\/schema\/logo\/image\/\",\"url\":\"https:\/\/lesdessousdenath.fr\/wp-content\/uploads\/2020\/09\/logo.png\",\"contentUrl\":\"https:\/\/lesdessousdenath.fr\/wp-content\/uploads\/2020\/09\/logo.png\",\"width\":207,\"height\":32,\"caption\":\"Les dessous de Nath\"},\"image\":{\"@id\":\"https:\/\/lesdessousdenath.fr\/#\/schema\/logo\/image\/\"},\"sameAs\":[\"https:\/\/www.facebook.com\/Les-dessous-de-Nath-100724281804184\/\",\"https:\/\/x.com\/DessousNath\",\"https:\/\/www.instagram.com\/LesDessousdeNath\"]}]}<\/script>\n<!-- \/ Yoast SEO plugin. -->","yoast_head_json":{"title":"VERDE - collants chair \u00e0 motif de feuille de philodendron verte","description":"Ces collants VERDE \u00e0 motif sont d\u00e9cor\u00e9s de feuille \u00e9tendue de faux philodendron de couleur verte","robots":{"index":"index","follow":"follow","max-snippet":"max-snippet:-1","max-image-preview":"max-image-preview:large","max-video-preview":"max-video-preview:-1"},"canonical":"https:\/\/lesdessousdenath.fr\/index.php\/product\/collant-verde-noir\/","og_locale":"fr_FR","og_type":"article","og_title":"VERDE - collants chair \u00e0 motif de feuille de philodendron verte","og_description":"Ces collants VERDE \u00e0 motif sont d\u00e9cor\u00e9s de feuille \u00e9tendue de faux philodendron de couleur verte","og_url":"https:\/\/lesdessousdenath.fr\/index.php\/product\/collant-verde-noir\/","og_site_name":"Les dessous de Nath","article_publisher":"https:\/\/www.facebook.com\/Les-dessous-de-Nath-100724281804184\/","article_modified_time":"2026-04-16T00:46:41+00:00","og_image":[{"width":840,"height":1500,"url":"https:\/\/lesdessousdenath.fr\/wp-content\/uploads\/2025\/08\/Collant-Verde-1.jpg","type":"image\/jpeg"}],"twitter_card":"summary_large_image","twitter_site":"@DessousNath","twitter_misc":{"Dur\u00e9e de lecture estim\u00e9e":"1 minute"},"schema":{"@context":"https:\/\/schema.org","@graph":[{"@type":"WebPage","@id":"https:\/\/lesdessousdenath.fr\/index.php\/product\/collant-verde-noir\/","url":"https:\/\/lesdessousdenath.fr\/index.php\/product\/collant-verde-noir\/","name":"VERDE - collants chair \u00e0 motif de feuille de philodendron verte","isPartOf":{"@id":"https:\/\/lesdessousdenath.fr\/#website"},"primaryImageOfPage":{"@id":"https:\/\/lesdessousdenath.fr\/index.php\/product\/collant-verde-noir\/#primaryimage"},"image":{"@id":"https:\/\/lesdessousdenath.fr\/index.php\/product\/collant-verde-noir\/#primaryimage"},"thumbnailUrl":"https:\/\/i0.wp.com\/lesdessousdenath.fr\/wp-content\/uploads\/2025\/08\/Collant-Verde-1.jpg?fit=840%2C1500&ssl=1","datePublished":"2025-08-29T10:46:09+00:00","dateModified":"2026-04-16T00:46:41+00:00","description":"Ces collants VERDE \u00e0 motif sont d\u00e9cor\u00e9s de feuille \u00e9tendue de faux philodendron de couleur verte","breadcrumb":{"@id":"https:\/\/lesdessousdenath.fr\/index.php\/product\/collant-verde-noir\/#breadcrumb"},"inLanguage":"fr-FR","potentialAction":[{"@type":"ReadAction","target":["https:\/\/lesdessousdenath.fr\/index.php\/product\/collant-verde-noir\/"]}]},{"@type":"ImageObject","inLanguage":"fr-FR","@id":"https:\/\/lesdessousdenath.fr\/index.php\/product\/collant-verde-noir\/#primaryimage","url":"https:\/\/i0.wp.com\/lesdessousdenath.fr\/wp-content\/uploads\/2025\/08\/Collant-Verde-1.jpg?fit=840%2C1500&ssl=1","contentUrl":"https:\/\/i0.wp.com\/lesdessousdenath.fr\/wp-content\/uploads\/2025\/08\/Collant-Verde-1.jpg?fit=840%2C1500&ssl=1","width":840,"height":1500},{"@type":"BreadcrumbList","@id":"https:\/\/lesdessousdenath.fr\/index.php\/product\/collant-verde-noir\/#breadcrumb","itemListElement":[{"@type":"ListItem","position":1,"name":"Home","item":"https:\/\/lesdessousdenath.fr\/"},{"@type":"ListItem","position":2,"name":"BAS &#038; COLLANTS","item":"https:\/\/lesdessousdenath.fr\/index.php\/shop\/"},{"@type":"ListItem","position":3,"name":"Collant VERDE noir"}]},{"@type":"WebSite","@id":"https:\/\/lesdessousdenath.fr\/#website","url":"https:\/\/lesdessousdenath.fr\/","name":"Les dessous de Nath","description":"Belle en collants","publisher":{"@id":"https:\/\/lesdessousdenath.fr\/#organization"},"potentialAction":[{"@type":"SearchAction","target":{"@type":"EntryPoint","urlTemplate":"https:\/\/lesdessousdenath.fr\/?s={search_term_string}"},"query-input":{"@type":"PropertyValueSpecification","valueRequired":true,"valueName":"search_term_string"}}],"inLanguage":"fr-FR"},{"@type":"Organization","@id":"https:\/\/lesdessousdenath.fr\/#organization","name":"Les dessous de Nath","url":"https:\/\/lesdessousdenath.fr\/","logo":{"@type":"ImageObject","inLanguage":"fr-FR","@id":"https:\/\/lesdessousdenath.fr\/#\/schema\/logo\/image\/","url":"https:\/\/lesdessousdenath.fr\/wp-content\/uploads\/2020\/09\/logo.png","contentUrl":"https:\/\/lesdessousdenath.fr\/wp-content\/uploads\/2020\/09\/logo.png","width":207,"height":32,"caption":"Les dessous de Nath"},"image":{"@id":"https:\/\/lesdessousdenath.fr\/#\/schema\/logo\/image\/"},"sameAs":["https:\/\/www.facebook.com\/Les-dessous-de-Nath-100724281804184\/","https:\/\/x.com\/DessousNath","https:\/\/www.instagram.com\/LesDessousdeNath"]}]}},"jetpack_sharing_enabled":true,"_links":{"self":[{"href":"https:\/\/lesdessousdenath.fr\/index.php\/wp-json\/wp\/v2\/product\/10784","targetHints":{"allow":["GET"]}}],"collection":[{"href":"https:\/\/lesdessousdenath.fr\/index.php\/wp-json\/wp\/v2\/product"}],"about":[{"href":"https:\/\/lesdessousdenath.fr\/index.php\/wp-json\/wp\/v2\/types\/product"}],"replies":[{"embeddable":true,"href":"https:\/\/lesdessousdenath.fr\/index.php\/wp-json\/wp\/v2\/comments?post=10784"}],"wp:featuredmedia":[{"embeddable":true,"href":"https:\/\/lesdessousdenath.fr\/index.php\/wp-json\/wp\/v2\/media\/10788"}],"wp:attachment":[{"href":"https:\/\/lesdessousdenath.fr\/index.php\/wp-json\/wp\/v2\/media?parent=10784"}],"wp:term":[{"taxonomy":"product_brand","embeddable":true,"href":"https:\/\/lesdessousdenath.fr\/index.php\/wp-json\/wp\/v2\/product_brand?post=10784"},{"taxonomy":"product_cat","embeddable":true,"href":"https:\/\/lesdessousdenath.fr\/index.php\/wp-json\/wp\/v2\/product_cat?post=10784"},{"taxonomy":"product_tag","embeddable":true,"href":"https:\/\/lesdessousdenath.fr\/index.php\/wp-json\/wp\/v2\/product_tag?post=10784"}],"curies":[{"name":"wp","href":"https:\/\/api.w.org\/{rel}","templated":true}]}}