{"id":1748,"date":"2020-09-24T15:00:15","date_gmt":"2020-09-24T15:00:15","guid":{"rendered":"https:\/\/lesdessousdenath.fr\/?post_type=product&#038;p=1748"},"modified":"2026-04-25T10:24:22","modified_gmt":"2026-04-25T10:24:22","slug":"collants-lili","status":"publish","type":"product","link":"https:\/\/lesdessousdenath.fr\/index.php\/product\/collants-lili\/","title":{"rendered":"COLLANT LILI"},"content":{"rendered":"<p><strong>COLLANT LILI<\/strong><\/p>\n<p>Un ind\u00e9modable parmi les classiques de chez FIORE parmi sa collection de collants, ainsi pourrait-on d\u00e9crire ce mod\u00e8le de collant en nylon.<br \/>\nPour davantage de r\u00e9sistance et de long\u00e9vit\u00e9, ce mod\u00e8le poss\u00e8de aussi des pointes invisibles et renforc\u00e9es.<br \/>\nC\u00f4t\u00e9 confort, il convient de relever la pr\u00e9sence d\u2019un gousset en coton sur les tailles 3 et 4 ainsi qu\u2019une couture suppl\u00e9mentaire int\u00e9gr\u00e9e au dos sur la taille 5. <\/p>\n<p>Il convient de noter \u00e9galement son aspect mat qui donne au collant son look chic intemporel. <\/p>\n","protected":false},"excerpt":{"rendered":"<p style=\"margin-top: -100px; margin-left: -45px;\"><img decoding=\"async\" style=\"max-height: 120px;\" src=\"https:\/\/lesdessousdenath.fr\/wp-content\/uploads\/2020\/11\/Nat.png\" \/><\/p>\n<p style=\"font-size: 30px; margin-top: -50px;\"><strong>COLLANT LILI<\/strong><\/p>\n<p>Un ind\u00e9modable parmi les classiques de chez FIORE parmi sa collection de collants, ainsi pourrait-on d\u00e9crire ce mod\u00e8le de collant en nylon. <\/p>\n<p>Pour la marque, ce collant de <strong>20 deniers<\/strong> offre les caract\u00e9ristiques normales de ses articles de haute qualit\u00e9, \u00e0 ceci pr\u00e8s qu\u2019il est disponible en grande taille. <\/p>\n<p>Ainsi, cet article de fabrication europ\u00e9enne poss\u00e8de une d\u00e9marcation sur le tour de taille et les hanches, une d\u00e9marcation obtenue par une fibre plus \u00e9paisse pour renforcer la durabilit\u00e9 du collant lors de son enfilage.<\/p>\n<p>Pour davantage de r\u00e9sistance et de long\u00e9vit\u00e9, ce mod\u00e8le poss\u00e8de aussi des <strong>pointes invisibles et renforc\u00e9es<\/strong>. <\/p>\n<p>C\u00f4t\u00e9 confort, il convient de relever la pr\u00e9sence d\u2019un <strong>gousset en coton<\/strong> sur les tailles 3 et 4 ainsi qu\u2019une couture suppl\u00e9mentaire int\u00e9gr\u00e9e au dos sur la taille 5. <\/p>\n<p>Il convient de noter \u00e9galement son aspect mat qui donne au collant son look chic intemporel. <\/p>\n<blockquote><p>Ce collant b\u00e9n\u00e9ficie du label europ\u00e9en Confiance Textile <strong>Oeko-Tex\u00ae Standard 100<\/strong> : c\u2019est l\u2019assurance d\u2019un produit sans substance toxique ou irritante pour la sant\u00e9 et respectueux de l\u2019environnement.<\/p><\/blockquote>\n<table style=\"width;100%;\">\n<tr>\n<td style=\"text-align:center; margin:5px; background-color:#ffffff;\">Pochette avant<br \/>\n\t\t\t<a href=\"https:\/\/lesdessousdenath.fr\/wp-content\/uploads\/2020\/09\/Collants-LILI-5-1496x2048.jpg\"><br \/>\n\t\t\t\t<img decoding=\"async\" src=\"https:\/\/lesdessousdenath.fr\/wp-content\/uploads\/2020\/09\/Collants-LILI-5-1496x2048.jpg\" alt=\"Pochette avant\" style=\"margin-top:-20px;\" \/><br \/>\n\t\t\t<\/a>\n\t\t<\/td>\n<td style=\"text-align:center; margin:5px; background-color:#ffffff;\">Pochette arri\u00e8re<br \/>\n\t\t\t<a href=\"https:\/\/lesdessousdenath.fr\/wp-content\/uploads\/2020\/09\/Collants-LILI-6-1496x2048.jpg\"><br \/>\n\t\t\t\t<img decoding=\"async\" src=\"https:\/\/lesdessousdenath.fr\/wp-content\/uploads\/2020\/09\/Collants-LILI-6-1496x2048.jpg\" alt=\"Pochette arri\u00e8re\"  style=\"margin-top:-20px;\" \/><br \/>\n\t\t\t<\/a>\n\t\t<\/td>\n<\/tr>\n<\/table>\n<p style=\"text-align: center;\">\n<strong style=\"color:#FF0000;\">Attention !<\/strong><br \/>\nLes tailles peuvent \u00eatre diff\u00e9rentes selon les marques.<br \/>\n<a href=\"https:\/\/lesdessousdenath.fr\/wp-content\/uploads\/2020\/09\/Fiore.jpg\">Voire le guide des tailles<\/a><\/p>\n","protected":false},"featured_media":3955,"comment_status":"open","ping_status":"closed","template":"","meta":[],"product_brand":[],"product_cat":[76],"product_tag":[],"class_list":{"0":"post-1748","1":"product","2":"type-product","3":"status-publish","4":"has-post-thumbnail","6":"product_cat-collants","8":"first","9":"instock","10":"taxable","11":"shipping-taxable","12":"product-type-variable"},"yoast_head":"<!-- This site is optimized with the Yoast SEO plugin v27.2 - https:\/\/yoast.com\/product\/yoast-seo-wordpress\/ -->\n<title>LILI - Collant mat de couleur chair en 20 deniers de marque FIORE<\/title>\n<meta name=\"description\" content=\"De la marque FIORE, ce collant LILI de 20 deniers couleur Chair offre les caract\u00e9ristiques normales de ses articles de haute qualit\u00e9.\" \/>\n<meta name=\"robots\" content=\"index, follow, max-snippet:-1, max-image-preview:large, max-video-preview:-1\" \/>\n<link rel=\"canonical\" href=\"https:\/\/lesdessousdenath.fr\/index.php\/product\/collants-lili\/\" \/>\n<meta property=\"og:locale\" content=\"fr_FR\" \/>\n<meta property=\"og:type\" content=\"article\" \/>\n<meta property=\"og:title\" content=\"LILI - Collant mat de couleur chair en 20 deniers de marque FIORE\" \/>\n<meta property=\"og:description\" content=\"De la marque FIORE, ce collant LILI de 20 deniers couleur Chair offre les caract\u00e9ristiques normales de ses articles de haute qualit\u00e9.\" \/>\n<meta property=\"og:url\" content=\"https:\/\/lesdessousdenath.fr\/index.php\/product\/collants-lili\/\" \/>\n<meta property=\"og:site_name\" content=\"Les dessous de Nath\" \/>\n<meta property=\"article:publisher\" content=\"https:\/\/www.facebook.com\/Les-dessous-de-Nath-100724281804184\/\" \/>\n<meta property=\"article:modified_time\" content=\"2026-04-25T10:24:22+00:00\" \/>\n<meta property=\"og:image\" content=\"https:\/\/lesdessousdenath.fr\/wp-content\/uploads\/2020\/09\/Collants-LILI-1.jpg\" \/>\n\t<meta property=\"og:image:width\" content=\"844\" \/>\n\t<meta property=\"og:image:height\" content=\"1500\" \/>\n\t<meta property=\"og:image:type\" content=\"image\/jpeg\" \/>\n<meta name=\"twitter:card\" content=\"summary_large_image\" \/>\n<meta name=\"twitter:site\" content=\"@DessousNath\" \/>\n<meta name=\"twitter:label1\" content=\"Dur\u00e9e de lecture estim\u00e9e\" \/>\n\t<meta name=\"twitter:data1\" content=\"1 minute\" \/>\n<script type=\"application\/ld+json\" class=\"yoast-schema-graph\">{\"@context\":\"https:\/\/schema.org\",\"@graph\":[{\"@type\":\"WebPage\",\"@id\":\"https:\/\/lesdessousdenath.fr\/index.php\/product\/collants-lili\/\",\"url\":\"https:\/\/lesdessousdenath.fr\/index.php\/product\/collants-lili\/\",\"name\":\"LILI - Collant mat de couleur chair en 20 deniers de marque FIORE\",\"isPartOf\":{\"@id\":\"https:\/\/lesdessousdenath.fr\/#website\"},\"primaryImageOfPage\":{\"@id\":\"https:\/\/lesdessousdenath.fr\/index.php\/product\/collants-lili\/#primaryimage\"},\"image\":{\"@id\":\"https:\/\/lesdessousdenath.fr\/index.php\/product\/collants-lili\/#primaryimage\"},\"thumbnailUrl\":\"https:\/\/i0.wp.com\/lesdessousdenath.fr\/wp-content\/uploads\/2020\/09\/Collants-LILI-1.jpg?fit=844%2C1500&ssl=1\",\"datePublished\":\"2020-09-24T15:00:15+00:00\",\"dateModified\":\"2026-04-25T10:24:22+00:00\",\"description\":\"De la marque FIORE, ce collant LILI de 20 deniers couleur Chair offre les caract\u00e9ristiques normales de ses articles de haute qualit\u00e9.\",\"breadcrumb\":{\"@id\":\"https:\/\/lesdessousdenath.fr\/index.php\/product\/collants-lili\/#breadcrumb\"},\"inLanguage\":\"fr-FR\",\"potentialAction\":[{\"@type\":\"ReadAction\",\"target\":[\"https:\/\/lesdessousdenath.fr\/index.php\/product\/collants-lili\/\"]}]},{\"@type\":\"ImageObject\",\"inLanguage\":\"fr-FR\",\"@id\":\"https:\/\/lesdessousdenath.fr\/index.php\/product\/collants-lili\/#primaryimage\",\"url\":\"https:\/\/i0.wp.com\/lesdessousdenath.fr\/wp-content\/uploads\/2020\/09\/Collants-LILI-1.jpg?fit=844%2C1500&ssl=1\",\"contentUrl\":\"https:\/\/i0.wp.com\/lesdessousdenath.fr\/wp-content\/uploads\/2020\/09\/Collants-LILI-1.jpg?fit=844%2C1500&ssl=1\",\"width\":844,\"height\":1500,\"caption\":\"Collants Lili de chez Fiore\"},{\"@type\":\"BreadcrumbList\",\"@id\":\"https:\/\/lesdessousdenath.fr\/index.php\/product\/collants-lili\/#breadcrumb\",\"itemListElement\":[{\"@type\":\"ListItem\",\"position\":1,\"name\":\"Home\",\"item\":\"https:\/\/lesdessousdenath.fr\/\"},{\"@type\":\"ListItem\",\"position\":2,\"name\":\"BAS &#038; COLLANTS\",\"item\":\"https:\/\/lesdessousdenath.fr\/index.php\/shop\/\"},{\"@type\":\"ListItem\",\"position\":3,\"name\":\"COLLANT LILI\"}]},{\"@type\":\"WebSite\",\"@id\":\"https:\/\/lesdessousdenath.fr\/#website\",\"url\":\"https:\/\/lesdessousdenath.fr\/\",\"name\":\"Les dessous de Nath\",\"description\":\"Belle en collants\",\"publisher\":{\"@id\":\"https:\/\/lesdessousdenath.fr\/#organization\"},\"potentialAction\":[{\"@type\":\"SearchAction\",\"target\":{\"@type\":\"EntryPoint\",\"urlTemplate\":\"https:\/\/lesdessousdenath.fr\/?s={search_term_string}\"},\"query-input\":{\"@type\":\"PropertyValueSpecification\",\"valueRequired\":true,\"valueName\":\"search_term_string\"}}],\"inLanguage\":\"fr-FR\"},{\"@type\":\"Organization\",\"@id\":\"https:\/\/lesdessousdenath.fr\/#organization\",\"name\":\"Les dessous de Nath\",\"url\":\"https:\/\/lesdessousdenath.fr\/\",\"logo\":{\"@type\":\"ImageObject\",\"inLanguage\":\"fr-FR\",\"@id\":\"https:\/\/lesdessousdenath.fr\/#\/schema\/logo\/image\/\",\"url\":\"https:\/\/lesdessousdenath.fr\/wp-content\/uploads\/2020\/09\/logo.png\",\"contentUrl\":\"https:\/\/lesdessousdenath.fr\/wp-content\/uploads\/2020\/09\/logo.png\",\"width\":207,\"height\":32,\"caption\":\"Les dessous de Nath\"},\"image\":{\"@id\":\"https:\/\/lesdessousdenath.fr\/#\/schema\/logo\/image\/\"},\"sameAs\":[\"https:\/\/www.facebook.com\/Les-dessous-de-Nath-100724281804184\/\",\"https:\/\/x.com\/DessousNath\",\"https:\/\/www.instagram.com\/LesDessousdeNath\"]}]}<\/script>\n<!-- \/ Yoast SEO plugin. -->","yoast_head_json":{"title":"LILI - Collant mat de couleur chair en 20 deniers de marque FIORE","description":"De la marque FIORE, ce collant LILI de 20 deniers couleur Chair offre les caract\u00e9ristiques normales de ses articles de haute qualit\u00e9.","robots":{"index":"index","follow":"follow","max-snippet":"max-snippet:-1","max-image-preview":"max-image-preview:large","max-video-preview":"max-video-preview:-1"},"canonical":"https:\/\/lesdessousdenath.fr\/index.php\/product\/collants-lili\/","og_locale":"fr_FR","og_type":"article","og_title":"LILI - Collant mat de couleur chair en 20 deniers de marque FIORE","og_description":"De la marque FIORE, ce collant LILI de 20 deniers couleur Chair offre les caract\u00e9ristiques normales de ses articles de haute qualit\u00e9.","og_url":"https:\/\/lesdessousdenath.fr\/index.php\/product\/collants-lili\/","og_site_name":"Les dessous de Nath","article_publisher":"https:\/\/www.facebook.com\/Les-dessous-de-Nath-100724281804184\/","article_modified_time":"2026-04-25T10:24:22+00:00","og_image":[{"width":844,"height":1500,"url":"https:\/\/lesdessousdenath.fr\/wp-content\/uploads\/2020\/09\/Collants-LILI-1.jpg","type":"image\/jpeg"}],"twitter_card":"summary_large_image","twitter_site":"@DessousNath","twitter_misc":{"Dur\u00e9e de lecture estim\u00e9e":"1 minute"},"schema":{"@context":"https:\/\/schema.org","@graph":[{"@type":"WebPage","@id":"https:\/\/lesdessousdenath.fr\/index.php\/product\/collants-lili\/","url":"https:\/\/lesdessousdenath.fr\/index.php\/product\/collants-lili\/","name":"LILI - Collant mat de couleur chair en 20 deniers de marque FIORE","isPartOf":{"@id":"https:\/\/lesdessousdenath.fr\/#website"},"primaryImageOfPage":{"@id":"https:\/\/lesdessousdenath.fr\/index.php\/product\/collants-lili\/#primaryimage"},"image":{"@id":"https:\/\/lesdessousdenath.fr\/index.php\/product\/collants-lili\/#primaryimage"},"thumbnailUrl":"https:\/\/i0.wp.com\/lesdessousdenath.fr\/wp-content\/uploads\/2020\/09\/Collants-LILI-1.jpg?fit=844%2C1500&ssl=1","datePublished":"2020-09-24T15:00:15+00:00","dateModified":"2026-04-25T10:24:22+00:00","description":"De la marque FIORE, ce collant LILI de 20 deniers couleur Chair offre les caract\u00e9ristiques normales de ses articles de haute qualit\u00e9.","breadcrumb":{"@id":"https:\/\/lesdessousdenath.fr\/index.php\/product\/collants-lili\/#breadcrumb"},"inLanguage":"fr-FR","potentialAction":[{"@type":"ReadAction","target":["https:\/\/lesdessousdenath.fr\/index.php\/product\/collants-lili\/"]}]},{"@type":"ImageObject","inLanguage":"fr-FR","@id":"https:\/\/lesdessousdenath.fr\/index.php\/product\/collants-lili\/#primaryimage","url":"https:\/\/i0.wp.com\/lesdessousdenath.fr\/wp-content\/uploads\/2020\/09\/Collants-LILI-1.jpg?fit=844%2C1500&ssl=1","contentUrl":"https:\/\/i0.wp.com\/lesdessousdenath.fr\/wp-content\/uploads\/2020\/09\/Collants-LILI-1.jpg?fit=844%2C1500&ssl=1","width":844,"height":1500,"caption":"Collants Lili de chez Fiore"},{"@type":"BreadcrumbList","@id":"https:\/\/lesdessousdenath.fr\/index.php\/product\/collants-lili\/#breadcrumb","itemListElement":[{"@type":"ListItem","position":1,"name":"Home","item":"https:\/\/lesdessousdenath.fr\/"},{"@type":"ListItem","position":2,"name":"BAS &#038; COLLANTS","item":"https:\/\/lesdessousdenath.fr\/index.php\/shop\/"},{"@type":"ListItem","position":3,"name":"COLLANT LILI"}]},{"@type":"WebSite","@id":"https:\/\/lesdessousdenath.fr\/#website","url":"https:\/\/lesdessousdenath.fr\/","name":"Les dessous de Nath","description":"Belle en collants","publisher":{"@id":"https:\/\/lesdessousdenath.fr\/#organization"},"potentialAction":[{"@type":"SearchAction","target":{"@type":"EntryPoint","urlTemplate":"https:\/\/lesdessousdenath.fr\/?s={search_term_string}"},"query-input":{"@type":"PropertyValueSpecification","valueRequired":true,"valueName":"search_term_string"}}],"inLanguage":"fr-FR"},{"@type":"Organization","@id":"https:\/\/lesdessousdenath.fr\/#organization","name":"Les dessous de Nath","url":"https:\/\/lesdessousdenath.fr\/","logo":{"@type":"ImageObject","inLanguage":"fr-FR","@id":"https:\/\/lesdessousdenath.fr\/#\/schema\/logo\/image\/","url":"https:\/\/lesdessousdenath.fr\/wp-content\/uploads\/2020\/09\/logo.png","contentUrl":"https:\/\/lesdessousdenath.fr\/wp-content\/uploads\/2020\/09\/logo.png","width":207,"height":32,"caption":"Les dessous de Nath"},"image":{"@id":"https:\/\/lesdessousdenath.fr\/#\/schema\/logo\/image\/"},"sameAs":["https:\/\/www.facebook.com\/Les-dessous-de-Nath-100724281804184\/","https:\/\/x.com\/DessousNath","https:\/\/www.instagram.com\/LesDessousdeNath"]}]}},"jetpack_sharing_enabled":true,"_links":{"self":[{"href":"https:\/\/lesdessousdenath.fr\/index.php\/wp-json\/wp\/v2\/product\/1748","targetHints":{"allow":["GET"]}}],"collection":[{"href":"https:\/\/lesdessousdenath.fr\/index.php\/wp-json\/wp\/v2\/product"}],"about":[{"href":"https:\/\/lesdessousdenath.fr\/index.php\/wp-json\/wp\/v2\/types\/product"}],"replies":[{"embeddable":true,"href":"https:\/\/lesdessousdenath.fr\/index.php\/wp-json\/wp\/v2\/comments?post=1748"}],"wp:featuredmedia":[{"embeddable":true,"href":"https:\/\/lesdessousdenath.fr\/index.php\/wp-json\/wp\/v2\/media\/3955"}],"wp:attachment":[{"href":"https:\/\/lesdessousdenath.fr\/index.php\/wp-json\/wp\/v2\/media?parent=1748"}],"wp:term":[{"taxonomy":"product_brand","embeddable":true,"href":"https:\/\/lesdessousdenath.fr\/index.php\/wp-json\/wp\/v2\/product_brand?post=1748"},{"taxonomy":"product_cat","embeddable":true,"href":"https:\/\/lesdessousdenath.fr\/index.php\/wp-json\/wp\/v2\/product_cat?post=1748"},{"taxonomy":"product_tag","embeddable":true,"href":"https:\/\/lesdessousdenath.fr\/index.php\/wp-json\/wp\/v2\/product_tag?post=1748"}],"curies":[{"name":"wp","href":"https:\/\/api.w.org\/{rel}","templated":true}]}}