{"id":4930,"date":"2021-03-02T13:34:28","date_gmt":"2021-03-02T13:34:28","guid":{"rendered":"https:\/\/lesdessousdenath.fr\/?post_type=product&#038;p=4930"},"modified":"2025-08-19T07:02:16","modified_gmt":"2025-08-19T07:02:16","slug":"porte-jarretelles-string-charms","status":"publish","type":"product","link":"https:\/\/lesdessousdenath.fr\/index.php\/product\/porte-jarretelles-string-charms\/","title":{"rendered":"Porte jarretelles et string CHARMS"},"content":{"rendered":"<p><strong>Porte jarretelles et string CHARMS<\/strong><\/p>\n<p>Avez-vous pens\u00e9 \u00e0 quelque chose d&rsquo;absolument sp\u00e9cial?<br \/>\nCette combinaison de tissu noir doux et de dentelle fleurie vous ravira.<br \/>\nChoisissez simplement vos bas pr\u00e9f\u00e9r\u00e9s et soyez pr\u00eat pour un plaisir incroyable!<\/p>\n<p>Votre homme deviendra fou!<\/p>\n<p>&#8211; Porte-jarretelles noir profond richement orn\u00e9<br \/>\n&#8211; Dentelle fleurie devant et derri\u00e8re<br \/>\n&#8211; Des d\u00e9tails parfaits \u00e0 voir et\u2026 \u00e0 toucher!<br \/>\n&#8211; String sexy et r\u00e9sille inclus<br \/>\n&#8211; Bas non inclus<\/p>\n","protected":false},"excerpt":{"rendered":"<p style=\"margin-top: -100px; margin-left: -45px;\"><img decoding=\"async\" style=\"max-height: 120px;\" src=\"https:\/\/lesdessousdenath.fr\/wp-content\/uploads\/2020\/11\/Nat.png\" \/><\/p>\n<p style=\"font-size: 30px; margin-top: -50px;\"><strong>PORTE JARRETELLE ET STRING CHARMS<\/strong><\/p>\n<p>Le minimum est sexy.<br \/>\nFantastique et \u00e9l\u00e9gant porte-jarretelles con\u00e7u dans une mati\u00e8re douce et avec attaches r\u00e9glables.<\/p>\n<p>La partie avant est orn\u00e9e de dentelle et d&rsquo;un bijoux d\u00e9coratif.<\/p>\n<blockquote><p><strong>Le string assorti est inclus !<\/strong><\/p><\/blockquote>\n<table>\n<tbody>\n<tr>\n<td style=\"text-align: center; margin: 5px; background-color: #ffffff;\">Pochette avant<br \/>\n<a href=\"https:\/\/lesdessousdenath.fr\/wp-content\/uploads\/2021\/03\/Porte-Jarretelles-Charms-6.jpg\"><br \/>\n<img decoding=\"async\" style=\"margin-top: -20px;\" src=\"https:\/\/lesdessousdenath.fr\/wp-content\/uploads\/2021\/03\/Porte-Jarretelles-Charms-6.jpg\" \/><br \/>\n<\/a><\/td>\n<td style=\"text-align: center; margin: 5px; background-color: #ffffff;\">Pochette arri\u00e8re<br \/>\n<a href=\"https:\/\/lesdessousdenath.fr\/wp-content\/uploads\/2021\/03\/Porte-Jarretelles-Charms-7.jpg\"><br \/>\n<img decoding=\"async\" style=\"margin-top: -20px;\" src=\"https:\/\/lesdessousdenath.fr\/wp-content\/uploads\/2021\/03\/Porte-Jarretelles-Charms-7.jpg\" \/><br \/>\n<\/a><\/td>\n<\/tr>\n<\/tbody>\n<\/table>\n<p style=\"text-align: center;\"><strong style=\"color: #ff0000;\">Attention !<\/strong><br \/>\nLes tailles peuvent \u00eatre diff\u00e9rentes selon les marques.<br \/>\n<a href=\"https:\/\/lesdessousdenath.fr\/wp-content\/uploads\/2021\/03\/Porte-Jarretelles-Charms-5.jpg\">Voire le guide des tailles<\/a><\/p>\n","protected":false},"featured_media":4934,"comment_status":"open","ping_status":"closed","template":"","meta":[],"product_brand":[],"product_cat":[395,398],"product_tag":[],"class_list":{"0":"post-4930","1":"product","2":"type-product","3":"status-publish","4":"has-post-thumbnail","6":"product_cat-lingerie","7":"product_cat-porte-jarretelles-lingerie","9":"first","10":"instock","11":"taxable","12":"shipping-taxable","13":"purchasable","14":"product-type-variable"},"yoast_head":"<!-- This site is optimized with the Yoast SEO plugin v27.2 - https:\/\/yoast.com\/product\/yoast-seo-wordpress\/ -->\n<title>CHARMS - Porte-jarretelles et string noir de chez OBSESSIVE<\/title>\n<meta name=\"description\" content=\"Le porte-jarretelles charms est fid\u00e8le \u00e0 sa collection par son motif floral imprim\u00e9 sur un tissu doux. Le string assorti est inclus.\" \/>\n<meta name=\"robots\" content=\"index, follow, max-snippet:-1, max-image-preview:large, max-video-preview:-1\" \/>\n<link rel=\"canonical\" href=\"https:\/\/lesdessousdenath.fr\/index.php\/product\/porte-jarretelles-string-charms\/\" \/>\n<meta property=\"og:locale\" content=\"fr_FR\" \/>\n<meta property=\"og:type\" content=\"article\" \/>\n<meta property=\"og:title\" content=\"CHARMS - Porte-jarretelles et string noir de chez OBSESSIVE\" \/>\n<meta property=\"og:description\" content=\"Le porte-jarretelles charms est fid\u00e8le \u00e0 sa collection par son motif floral imprim\u00e9 sur un tissu doux. Le string assorti est inclus.\" \/>\n<meta property=\"og:url\" content=\"https:\/\/lesdessousdenath.fr\/index.php\/product\/porte-jarretelles-string-charms\/\" \/>\n<meta property=\"og:site_name\" content=\"Les dessous de Nath\" \/>\n<meta property=\"article:publisher\" content=\"https:\/\/www.facebook.com\/Les-dessous-de-Nath-100724281804184\/\" \/>\n<meta property=\"article:modified_time\" content=\"2025-08-19T07:02:16+00:00\" \/>\n<meta property=\"og:image\" content=\"https:\/\/lesdessousdenath.fr\/wp-content\/uploads\/2021\/03\/Porte-Jarretelles-Charms-1.jpg\" \/>\n\t<meta property=\"og:image:width\" content=\"840\" \/>\n\t<meta property=\"og:image:height\" content=\"1500\" \/>\n\t<meta property=\"og:image:type\" content=\"image\/jpeg\" \/>\n<meta name=\"twitter:card\" content=\"summary_large_image\" \/>\n<meta name=\"twitter:site\" content=\"@DessousNath\" \/>\n<meta name=\"twitter:label1\" content=\"Dur\u00e9e de lecture estim\u00e9e\" \/>\n\t<meta name=\"twitter:data1\" content=\"1 minute\" \/>\n<script type=\"application\/ld+json\" class=\"yoast-schema-graph\">{\"@context\":\"https:\/\/schema.org\",\"@graph\":[{\"@type\":\"WebPage\",\"@id\":\"https:\/\/lesdessousdenath.fr\/index.php\/product\/porte-jarretelles-string-charms\/\",\"url\":\"https:\/\/lesdessousdenath.fr\/index.php\/product\/porte-jarretelles-string-charms\/\",\"name\":\"CHARMS - Porte-jarretelles et string noir de chez OBSESSIVE\",\"isPartOf\":{\"@id\":\"https:\/\/lesdessousdenath.fr\/#website\"},\"primaryImageOfPage\":{\"@id\":\"https:\/\/lesdessousdenath.fr\/index.php\/product\/porte-jarretelles-string-charms\/#primaryimage\"},\"image\":{\"@id\":\"https:\/\/lesdessousdenath.fr\/index.php\/product\/porte-jarretelles-string-charms\/#primaryimage\"},\"thumbnailUrl\":\"https:\/\/i0.wp.com\/lesdessousdenath.fr\/wp-content\/uploads\/2021\/03\/Porte-Jarretelles-Charms-1.jpg?fit=840%2C1500&ssl=1\",\"datePublished\":\"2021-03-02T13:34:28+00:00\",\"dateModified\":\"2025-08-19T07:02:16+00:00\",\"description\":\"Le porte-jarretelles charms est fid\u00e8le \u00e0 sa collection par son motif floral imprim\u00e9 sur un tissu doux. Le string assorti est inclus.\",\"breadcrumb\":{\"@id\":\"https:\/\/lesdessousdenath.fr\/index.php\/product\/porte-jarretelles-string-charms\/#breadcrumb\"},\"inLanguage\":\"fr-FR\",\"potentialAction\":[{\"@type\":\"ReadAction\",\"target\":[\"https:\/\/lesdessousdenath.fr\/index.php\/product\/porte-jarretelles-string-charms\/\"]}]},{\"@type\":\"ImageObject\",\"inLanguage\":\"fr-FR\",\"@id\":\"https:\/\/lesdessousdenath.fr\/index.php\/product\/porte-jarretelles-string-charms\/#primaryimage\",\"url\":\"https:\/\/i0.wp.com\/lesdessousdenath.fr\/wp-content\/uploads\/2021\/03\/Porte-Jarretelles-Charms-1.jpg?fit=840%2C1500&ssl=1\",\"contentUrl\":\"https:\/\/i0.wp.com\/lesdessousdenath.fr\/wp-content\/uploads\/2021\/03\/Porte-Jarretelles-Charms-1.jpg?fit=840%2C1500&ssl=1\",\"width\":840,\"height\":1500,\"caption\":\"Porte Jarretelles Charms\"},{\"@type\":\"BreadcrumbList\",\"@id\":\"https:\/\/lesdessousdenath.fr\/index.php\/product\/porte-jarretelles-string-charms\/#breadcrumb\",\"itemListElement\":[{\"@type\":\"ListItem\",\"position\":1,\"name\":\"Home\",\"item\":\"https:\/\/lesdessousdenath.fr\/\"},{\"@type\":\"ListItem\",\"position\":2,\"name\":\"BAS &#038; COLLANTS\",\"item\":\"https:\/\/lesdessousdenath.fr\/index.php\/shop\/\"},{\"@type\":\"ListItem\",\"position\":3,\"name\":\"Porte jarretelles et string CHARMS\"}]},{\"@type\":\"WebSite\",\"@id\":\"https:\/\/lesdessousdenath.fr\/#website\",\"url\":\"https:\/\/lesdessousdenath.fr\/\",\"name\":\"Les dessous de Nath\",\"description\":\"Belle en collants\",\"publisher\":{\"@id\":\"https:\/\/lesdessousdenath.fr\/#organization\"},\"potentialAction\":[{\"@type\":\"SearchAction\",\"target\":{\"@type\":\"EntryPoint\",\"urlTemplate\":\"https:\/\/lesdessousdenath.fr\/?s={search_term_string}\"},\"query-input\":{\"@type\":\"PropertyValueSpecification\",\"valueRequired\":true,\"valueName\":\"search_term_string\"}}],\"inLanguage\":\"fr-FR\"},{\"@type\":\"Organization\",\"@id\":\"https:\/\/lesdessousdenath.fr\/#organization\",\"name\":\"Les dessous de Nath\",\"url\":\"https:\/\/lesdessousdenath.fr\/\",\"logo\":{\"@type\":\"ImageObject\",\"inLanguage\":\"fr-FR\",\"@id\":\"https:\/\/lesdessousdenath.fr\/#\/schema\/logo\/image\/\",\"url\":\"https:\/\/lesdessousdenath.fr\/wp-content\/uploads\/2020\/09\/logo.png\",\"contentUrl\":\"https:\/\/lesdessousdenath.fr\/wp-content\/uploads\/2020\/09\/logo.png\",\"width\":207,\"height\":32,\"caption\":\"Les dessous de Nath\"},\"image\":{\"@id\":\"https:\/\/lesdessousdenath.fr\/#\/schema\/logo\/image\/\"},\"sameAs\":[\"https:\/\/www.facebook.com\/Les-dessous-de-Nath-100724281804184\/\",\"https:\/\/x.com\/DessousNath\",\"https:\/\/www.instagram.com\/LesDessousdeNath\"]}]}<\/script>\n<!-- \/ Yoast SEO plugin. -->","yoast_head_json":{"title":"CHARMS - Porte-jarretelles et string noir de chez OBSESSIVE","description":"Le porte-jarretelles charms est fid\u00e8le \u00e0 sa collection par son motif floral imprim\u00e9 sur un tissu doux. Le string assorti est inclus.","robots":{"index":"index","follow":"follow","max-snippet":"max-snippet:-1","max-image-preview":"max-image-preview:large","max-video-preview":"max-video-preview:-1"},"canonical":"https:\/\/lesdessousdenath.fr\/index.php\/product\/porte-jarretelles-string-charms\/","og_locale":"fr_FR","og_type":"article","og_title":"CHARMS - Porte-jarretelles et string noir de chez OBSESSIVE","og_description":"Le porte-jarretelles charms est fid\u00e8le \u00e0 sa collection par son motif floral imprim\u00e9 sur un tissu doux. Le string assorti est inclus.","og_url":"https:\/\/lesdessousdenath.fr\/index.php\/product\/porte-jarretelles-string-charms\/","og_site_name":"Les dessous de Nath","article_publisher":"https:\/\/www.facebook.com\/Les-dessous-de-Nath-100724281804184\/","article_modified_time":"2025-08-19T07:02:16+00:00","og_image":[{"width":840,"height":1500,"url":"https:\/\/lesdessousdenath.fr\/wp-content\/uploads\/2021\/03\/Porte-Jarretelles-Charms-1.jpg","type":"image\/jpeg"}],"twitter_card":"summary_large_image","twitter_site":"@DessousNath","twitter_misc":{"Dur\u00e9e de lecture estim\u00e9e":"1 minute"},"schema":{"@context":"https:\/\/schema.org","@graph":[{"@type":"WebPage","@id":"https:\/\/lesdessousdenath.fr\/index.php\/product\/porte-jarretelles-string-charms\/","url":"https:\/\/lesdessousdenath.fr\/index.php\/product\/porte-jarretelles-string-charms\/","name":"CHARMS - Porte-jarretelles et string noir de chez OBSESSIVE","isPartOf":{"@id":"https:\/\/lesdessousdenath.fr\/#website"},"primaryImageOfPage":{"@id":"https:\/\/lesdessousdenath.fr\/index.php\/product\/porte-jarretelles-string-charms\/#primaryimage"},"image":{"@id":"https:\/\/lesdessousdenath.fr\/index.php\/product\/porte-jarretelles-string-charms\/#primaryimage"},"thumbnailUrl":"https:\/\/i0.wp.com\/lesdessousdenath.fr\/wp-content\/uploads\/2021\/03\/Porte-Jarretelles-Charms-1.jpg?fit=840%2C1500&ssl=1","datePublished":"2021-03-02T13:34:28+00:00","dateModified":"2025-08-19T07:02:16+00:00","description":"Le porte-jarretelles charms est fid\u00e8le \u00e0 sa collection par son motif floral imprim\u00e9 sur un tissu doux. Le string assorti est inclus.","breadcrumb":{"@id":"https:\/\/lesdessousdenath.fr\/index.php\/product\/porte-jarretelles-string-charms\/#breadcrumb"},"inLanguage":"fr-FR","potentialAction":[{"@type":"ReadAction","target":["https:\/\/lesdessousdenath.fr\/index.php\/product\/porte-jarretelles-string-charms\/"]}]},{"@type":"ImageObject","inLanguage":"fr-FR","@id":"https:\/\/lesdessousdenath.fr\/index.php\/product\/porte-jarretelles-string-charms\/#primaryimage","url":"https:\/\/i0.wp.com\/lesdessousdenath.fr\/wp-content\/uploads\/2021\/03\/Porte-Jarretelles-Charms-1.jpg?fit=840%2C1500&ssl=1","contentUrl":"https:\/\/i0.wp.com\/lesdessousdenath.fr\/wp-content\/uploads\/2021\/03\/Porte-Jarretelles-Charms-1.jpg?fit=840%2C1500&ssl=1","width":840,"height":1500,"caption":"Porte Jarretelles Charms"},{"@type":"BreadcrumbList","@id":"https:\/\/lesdessousdenath.fr\/index.php\/product\/porte-jarretelles-string-charms\/#breadcrumb","itemListElement":[{"@type":"ListItem","position":1,"name":"Home","item":"https:\/\/lesdessousdenath.fr\/"},{"@type":"ListItem","position":2,"name":"BAS &#038; COLLANTS","item":"https:\/\/lesdessousdenath.fr\/index.php\/shop\/"},{"@type":"ListItem","position":3,"name":"Porte jarretelles et string CHARMS"}]},{"@type":"WebSite","@id":"https:\/\/lesdessousdenath.fr\/#website","url":"https:\/\/lesdessousdenath.fr\/","name":"Les dessous de Nath","description":"Belle en collants","publisher":{"@id":"https:\/\/lesdessousdenath.fr\/#organization"},"potentialAction":[{"@type":"SearchAction","target":{"@type":"EntryPoint","urlTemplate":"https:\/\/lesdessousdenath.fr\/?s={search_term_string}"},"query-input":{"@type":"PropertyValueSpecification","valueRequired":true,"valueName":"search_term_string"}}],"inLanguage":"fr-FR"},{"@type":"Organization","@id":"https:\/\/lesdessousdenath.fr\/#organization","name":"Les dessous de Nath","url":"https:\/\/lesdessousdenath.fr\/","logo":{"@type":"ImageObject","inLanguage":"fr-FR","@id":"https:\/\/lesdessousdenath.fr\/#\/schema\/logo\/image\/","url":"https:\/\/lesdessousdenath.fr\/wp-content\/uploads\/2020\/09\/logo.png","contentUrl":"https:\/\/lesdessousdenath.fr\/wp-content\/uploads\/2020\/09\/logo.png","width":207,"height":32,"caption":"Les dessous de Nath"},"image":{"@id":"https:\/\/lesdessousdenath.fr\/#\/schema\/logo\/image\/"},"sameAs":["https:\/\/www.facebook.com\/Les-dessous-de-Nath-100724281804184\/","https:\/\/x.com\/DessousNath","https:\/\/www.instagram.com\/LesDessousdeNath"]}]}},"jetpack_sharing_enabled":true,"_links":{"self":[{"href":"https:\/\/lesdessousdenath.fr\/index.php\/wp-json\/wp\/v2\/product\/4930","targetHints":{"allow":["GET"]}}],"collection":[{"href":"https:\/\/lesdessousdenath.fr\/index.php\/wp-json\/wp\/v2\/product"}],"about":[{"href":"https:\/\/lesdessousdenath.fr\/index.php\/wp-json\/wp\/v2\/types\/product"}],"replies":[{"embeddable":true,"href":"https:\/\/lesdessousdenath.fr\/index.php\/wp-json\/wp\/v2\/comments?post=4930"}],"wp:featuredmedia":[{"embeddable":true,"href":"https:\/\/lesdessousdenath.fr\/index.php\/wp-json\/wp\/v2\/media\/4934"}],"wp:attachment":[{"href":"https:\/\/lesdessousdenath.fr\/index.php\/wp-json\/wp\/v2\/media?parent=4930"}],"wp:term":[{"taxonomy":"product_brand","embeddable":true,"href":"https:\/\/lesdessousdenath.fr\/index.php\/wp-json\/wp\/v2\/product_brand?post=4930"},{"taxonomy":"product_cat","embeddable":true,"href":"https:\/\/lesdessousdenath.fr\/index.php\/wp-json\/wp\/v2\/product_cat?post=4930"},{"taxonomy":"product_tag","embeddable":true,"href":"https:\/\/lesdessousdenath.fr\/index.php\/wp-json\/wp\/v2\/product_tag?post=4930"}],"curies":[{"name":"wp","href":"https:\/\/api.w.org\/{rel}","templated":true}]}}