{"id":6393,"date":"2021-09-01T15:10:59","date_gmt":"2021-09-01T15:10:59","guid":{"rendered":"https:\/\/lesdessousdenath.fr\/?post_type=product&#038;p=6393"},"modified":"2025-01-29T19:50:55","modified_gmt":"2025-01-29T19:50:55","slug":"collant-ouvert-s007-rouge","status":"publish","type":"product","link":"https:\/\/lesdessousdenath.fr\/index.php\/product\/collant-ouvert-s007-rouge\/","title":{"rendered":"COLLANT OUVERT S007 ROUGE"},"content":{"rendered":"<p><strong>COLLANT OUVERT S007 ROUGE<\/strong><\/p>\n<p>Magnifiques bas jarretelles S007 rouge au look ultra original.<\/p>\n<p>Passion vous propose une fine r\u00e9sille et un design g\u00e9om\u00e9trique sur les cuisses qui mettront largement en valeur vos gambettes.<\/p>\n<p>Les culottes Strip sont de tr\u00e8s bonne qualit\u00e9, disponibles en une seule taille universelle.<\/p>\n","protected":false},"excerpt":{"rendered":"<p style=\"margin-top: -100px; margin-left: -45px;\"><img decoding=\"async\" style=\"max-height: 120px;\" src=\"https:\/\/lesdessousdenath.fr\/wp-content\/uploads\/2020\/11\/Nat.png\" \/><\/p>\n<p style=\"font-size: 30px; margin-top: -50px;\"><strong>COLLANT OUVERT S007 ROUGE<\/strong><\/p>\n<p>R\u00e9v\u00e9lez votre sensualit\u00e9 avec audace, gr\u00e2ce \u00e0 ces magnifiques collant ouvert rouge S007 de la marque Passion.<\/p>\n<p>Culotte \u00e0 rayures sexy parfaitement assortie \u00e0 la silhouette, soulignant parfaitement les belles formes f\u00e9minines.<\/p>\n<blockquote><p>Vendus en taille unique, leur grande \u00e9lasticit\u00e9 leur permet de s&rsquo;adapter aux tailles 36 \u00e0 42.<\/p><\/blockquote>\n<table>\n<tbody>\n<tr>\n<td style=\"text-align: center; margin: 5px; background-color: #ffffff;\">Pochette avant<br \/>\n<a href=\"https:\/\/lesdessousdenath.fr\/wp-content\/uploads\/2021\/09\/Collant-Ouvert-S007-Rouge-4.jpg\"><br \/>\n<img decoding=\"async\" src=\"https:\/\/lesdessousdenath.fr\/wp-content\/uploads\/2021\/09\/Collant-Ouvert-S007-Rouge-4.jpg\" \/><br \/>\n<\/a><\/td>\n<td style=\"text-align: center; margin: 5px; background-color: #ffffff;\">Pochette arri\u00e8re<br \/>\n<a href=\"https:\/\/lesdessousdenath.fr\/wp-content\/uploads\/2021\/09\/Collant-Ouvert-S007-Rouge-5.jpg\"><br \/>\n<img decoding=\"async\" src=\"https:\/\/lesdessousdenath.fr\/wp-content\/uploads\/2021\/09\/Collant-Ouvert-S007-Rouge-5.jpg\" \/><br \/>\n<\/a><\/td>\n<\/tr>\n<\/tbody>\n<\/table>\n<h5 style=\"text-align: center; color: #ff0000;\">TAILLE UNIQUE !<\/h5>\n","protected":false},"featured_media":6394,"comment_status":"open","ping_status":"closed","template":"","meta":[],"product_brand":[],"product_cat":[76,207],"product_tag":[],"class_list":{"0":"post-6393","1":"product","2":"type-product","3":"status-publish","4":"has-post-thumbnail","6":"product_cat-collants","7":"product_cat-collant-ouvert","9":"first","10":"instock","11":"taxable","12":"shipping-taxable","13":"purchasable","14":"product-type-simple"},"yoast_head":"<!-- This site is optimized with the Yoast SEO plugin v27.2 - https:\/\/yoast.com\/product\/yoast-seo-wordpress\/ -->\n<title>S007 ROUGE - Collant ouvert en r\u00e9sille de la marque PASSION<\/title>\n<meta name=\"description\" content=\"Avec ce collant ouvert S007 rouge, PASSION nous propose une fine r\u00e9sille assortie d&#039;une coupe sur les cuisses.\" \/>\n<meta name=\"robots\" content=\"index, follow, max-snippet:-1, max-image-preview:large, max-video-preview:-1\" \/>\n<link rel=\"canonical\" href=\"https:\/\/lesdessousdenath.fr\/index.php\/product\/collant-ouvert-s007-rouge\/\" \/>\n<meta property=\"og:locale\" content=\"fr_FR\" \/>\n<meta property=\"og:type\" content=\"article\" \/>\n<meta property=\"og:title\" content=\"S007 ROUGE - Collant ouvert en r\u00e9sille de la marque PASSION\" \/>\n<meta property=\"og:description\" content=\"Avec ce collant ouvert S007 rouge, PASSION nous propose une fine r\u00e9sille assortie d&#039;une coupe sur les cuisses.\" \/>\n<meta property=\"og:url\" content=\"https:\/\/lesdessousdenath.fr\/index.php\/product\/collant-ouvert-s007-rouge\/\" \/>\n<meta property=\"og:site_name\" content=\"Les dessous de Nath\" \/>\n<meta property=\"article:publisher\" content=\"https:\/\/www.facebook.com\/Les-dessous-de-Nath-100724281804184\/\" \/>\n<meta property=\"article:modified_time\" content=\"2025-01-29T19:50:55+00:00\" \/>\n<meta property=\"og:image\" content=\"https:\/\/lesdessousdenath.fr\/wp-content\/uploads\/2021\/09\/Collant-Ouvert-S007-Rouge-1.jpg\" \/>\n\t<meta property=\"og:image:width\" content=\"840\" \/>\n\t<meta property=\"og:image:height\" content=\"1500\" \/>\n\t<meta property=\"og:image:type\" content=\"image\/jpeg\" \/>\n<meta name=\"twitter:card\" content=\"summary_large_image\" \/>\n<meta name=\"twitter:site\" content=\"@DessousNath\" \/>\n<meta name=\"twitter:label1\" content=\"Dur\u00e9e de lecture estim\u00e9e\" \/>\n\t<meta name=\"twitter:data1\" content=\"1 minute\" \/>\n<script type=\"application\/ld+json\" class=\"yoast-schema-graph\">{\"@context\":\"https:\/\/schema.org\",\"@graph\":[{\"@type\":\"WebPage\",\"@id\":\"https:\/\/lesdessousdenath.fr\/index.php\/product\/collant-ouvert-s007-rouge\/\",\"url\":\"https:\/\/lesdessousdenath.fr\/index.php\/product\/collant-ouvert-s007-rouge\/\",\"name\":\"S007 ROUGE - Collant ouvert en r\u00e9sille de la marque PASSION\",\"isPartOf\":{\"@id\":\"https:\/\/lesdessousdenath.fr\/#website\"},\"primaryImageOfPage\":{\"@id\":\"https:\/\/lesdessousdenath.fr\/index.php\/product\/collant-ouvert-s007-rouge\/#primaryimage\"},\"image\":{\"@id\":\"https:\/\/lesdessousdenath.fr\/index.php\/product\/collant-ouvert-s007-rouge\/#primaryimage\"},\"thumbnailUrl\":\"https:\/\/i0.wp.com\/lesdessousdenath.fr\/wp-content\/uploads\/2021\/09\/Collant-Ouvert-S007-Rouge-1.jpg?fit=840%2C1500&ssl=1\",\"datePublished\":\"2021-09-01T15:10:59+00:00\",\"dateModified\":\"2025-01-29T19:50:55+00:00\",\"description\":\"Avec ce collant ouvert S007 rouge, PASSION nous propose une fine r\u00e9sille assortie d'une coupe sur les cuisses.\",\"breadcrumb\":{\"@id\":\"https:\/\/lesdessousdenath.fr\/index.php\/product\/collant-ouvert-s007-rouge\/#breadcrumb\"},\"inLanguage\":\"fr-FR\",\"potentialAction\":[{\"@type\":\"ReadAction\",\"target\":[\"https:\/\/lesdessousdenath.fr\/index.php\/product\/collant-ouvert-s007-rouge\/\"]}]},{\"@type\":\"ImageObject\",\"inLanguage\":\"fr-FR\",\"@id\":\"https:\/\/lesdessousdenath.fr\/index.php\/product\/collant-ouvert-s007-rouge\/#primaryimage\",\"url\":\"https:\/\/i0.wp.com\/lesdessousdenath.fr\/wp-content\/uploads\/2021\/09\/Collant-Ouvert-S007-Rouge-1.jpg?fit=840%2C1500&ssl=1\",\"contentUrl\":\"https:\/\/i0.wp.com\/lesdessousdenath.fr\/wp-content\/uploads\/2021\/09\/Collant-Ouvert-S007-Rouge-1.jpg?fit=840%2C1500&ssl=1\",\"width\":840,\"height\":1500,\"caption\":\"Collant Ouvert S007 Rouge\"},{\"@type\":\"BreadcrumbList\",\"@id\":\"https:\/\/lesdessousdenath.fr\/index.php\/product\/collant-ouvert-s007-rouge\/#breadcrumb\",\"itemListElement\":[{\"@type\":\"ListItem\",\"position\":1,\"name\":\"Home\",\"item\":\"https:\/\/lesdessousdenath.fr\/\"},{\"@type\":\"ListItem\",\"position\":2,\"name\":\"BAS &#038; COLLANTS\",\"item\":\"https:\/\/lesdessousdenath.fr\/index.php\/shop\/\"},{\"@type\":\"ListItem\",\"position\":3,\"name\":\"COLLANT OUVERT S007 ROUGE\"}]},{\"@type\":\"WebSite\",\"@id\":\"https:\/\/lesdessousdenath.fr\/#website\",\"url\":\"https:\/\/lesdessousdenath.fr\/\",\"name\":\"Les dessous de Nath\",\"description\":\"Belle en collants\",\"publisher\":{\"@id\":\"https:\/\/lesdessousdenath.fr\/#organization\"},\"potentialAction\":[{\"@type\":\"SearchAction\",\"target\":{\"@type\":\"EntryPoint\",\"urlTemplate\":\"https:\/\/lesdessousdenath.fr\/?s={search_term_string}\"},\"query-input\":{\"@type\":\"PropertyValueSpecification\",\"valueRequired\":true,\"valueName\":\"search_term_string\"}}],\"inLanguage\":\"fr-FR\"},{\"@type\":\"Organization\",\"@id\":\"https:\/\/lesdessousdenath.fr\/#organization\",\"name\":\"Les dessous de Nath\",\"url\":\"https:\/\/lesdessousdenath.fr\/\",\"logo\":{\"@type\":\"ImageObject\",\"inLanguage\":\"fr-FR\",\"@id\":\"https:\/\/lesdessousdenath.fr\/#\/schema\/logo\/image\/\",\"url\":\"https:\/\/lesdessousdenath.fr\/wp-content\/uploads\/2020\/09\/logo.png\",\"contentUrl\":\"https:\/\/lesdessousdenath.fr\/wp-content\/uploads\/2020\/09\/logo.png\",\"width\":207,\"height\":32,\"caption\":\"Les dessous de Nath\"},\"image\":{\"@id\":\"https:\/\/lesdessousdenath.fr\/#\/schema\/logo\/image\/\"},\"sameAs\":[\"https:\/\/www.facebook.com\/Les-dessous-de-Nath-100724281804184\/\",\"https:\/\/x.com\/DessousNath\",\"https:\/\/www.instagram.com\/LesDessousdeNath\"]}]}<\/script>\n<!-- \/ Yoast SEO plugin. -->","yoast_head_json":{"title":"S007 ROUGE - Collant ouvert en r\u00e9sille de la marque PASSION","description":"Avec ce collant ouvert S007 rouge, PASSION nous propose une fine r\u00e9sille assortie d'une coupe sur les cuisses.","robots":{"index":"index","follow":"follow","max-snippet":"max-snippet:-1","max-image-preview":"max-image-preview:large","max-video-preview":"max-video-preview:-1"},"canonical":"https:\/\/lesdessousdenath.fr\/index.php\/product\/collant-ouvert-s007-rouge\/","og_locale":"fr_FR","og_type":"article","og_title":"S007 ROUGE - Collant ouvert en r\u00e9sille de la marque PASSION","og_description":"Avec ce collant ouvert S007 rouge, PASSION nous propose une fine r\u00e9sille assortie d'une coupe sur les cuisses.","og_url":"https:\/\/lesdessousdenath.fr\/index.php\/product\/collant-ouvert-s007-rouge\/","og_site_name":"Les dessous de Nath","article_publisher":"https:\/\/www.facebook.com\/Les-dessous-de-Nath-100724281804184\/","article_modified_time":"2025-01-29T19:50:55+00:00","og_image":[{"width":840,"height":1500,"url":"https:\/\/lesdessousdenath.fr\/wp-content\/uploads\/2021\/09\/Collant-Ouvert-S007-Rouge-1.jpg","type":"image\/jpeg"}],"twitter_card":"summary_large_image","twitter_site":"@DessousNath","twitter_misc":{"Dur\u00e9e de lecture estim\u00e9e":"1 minute"},"schema":{"@context":"https:\/\/schema.org","@graph":[{"@type":"WebPage","@id":"https:\/\/lesdessousdenath.fr\/index.php\/product\/collant-ouvert-s007-rouge\/","url":"https:\/\/lesdessousdenath.fr\/index.php\/product\/collant-ouvert-s007-rouge\/","name":"S007 ROUGE - Collant ouvert en r\u00e9sille de la marque PASSION","isPartOf":{"@id":"https:\/\/lesdessousdenath.fr\/#website"},"primaryImageOfPage":{"@id":"https:\/\/lesdessousdenath.fr\/index.php\/product\/collant-ouvert-s007-rouge\/#primaryimage"},"image":{"@id":"https:\/\/lesdessousdenath.fr\/index.php\/product\/collant-ouvert-s007-rouge\/#primaryimage"},"thumbnailUrl":"https:\/\/i0.wp.com\/lesdessousdenath.fr\/wp-content\/uploads\/2021\/09\/Collant-Ouvert-S007-Rouge-1.jpg?fit=840%2C1500&ssl=1","datePublished":"2021-09-01T15:10:59+00:00","dateModified":"2025-01-29T19:50:55+00:00","description":"Avec ce collant ouvert S007 rouge, PASSION nous propose une fine r\u00e9sille assortie d'une coupe sur les cuisses.","breadcrumb":{"@id":"https:\/\/lesdessousdenath.fr\/index.php\/product\/collant-ouvert-s007-rouge\/#breadcrumb"},"inLanguage":"fr-FR","potentialAction":[{"@type":"ReadAction","target":["https:\/\/lesdessousdenath.fr\/index.php\/product\/collant-ouvert-s007-rouge\/"]}]},{"@type":"ImageObject","inLanguage":"fr-FR","@id":"https:\/\/lesdessousdenath.fr\/index.php\/product\/collant-ouvert-s007-rouge\/#primaryimage","url":"https:\/\/i0.wp.com\/lesdessousdenath.fr\/wp-content\/uploads\/2021\/09\/Collant-Ouvert-S007-Rouge-1.jpg?fit=840%2C1500&ssl=1","contentUrl":"https:\/\/i0.wp.com\/lesdessousdenath.fr\/wp-content\/uploads\/2021\/09\/Collant-Ouvert-S007-Rouge-1.jpg?fit=840%2C1500&ssl=1","width":840,"height":1500,"caption":"Collant Ouvert S007 Rouge"},{"@type":"BreadcrumbList","@id":"https:\/\/lesdessousdenath.fr\/index.php\/product\/collant-ouvert-s007-rouge\/#breadcrumb","itemListElement":[{"@type":"ListItem","position":1,"name":"Home","item":"https:\/\/lesdessousdenath.fr\/"},{"@type":"ListItem","position":2,"name":"BAS &#038; COLLANTS","item":"https:\/\/lesdessousdenath.fr\/index.php\/shop\/"},{"@type":"ListItem","position":3,"name":"COLLANT OUVERT S007 ROUGE"}]},{"@type":"WebSite","@id":"https:\/\/lesdessousdenath.fr\/#website","url":"https:\/\/lesdessousdenath.fr\/","name":"Les dessous de Nath","description":"Belle en collants","publisher":{"@id":"https:\/\/lesdessousdenath.fr\/#organization"},"potentialAction":[{"@type":"SearchAction","target":{"@type":"EntryPoint","urlTemplate":"https:\/\/lesdessousdenath.fr\/?s={search_term_string}"},"query-input":{"@type":"PropertyValueSpecification","valueRequired":true,"valueName":"search_term_string"}}],"inLanguage":"fr-FR"},{"@type":"Organization","@id":"https:\/\/lesdessousdenath.fr\/#organization","name":"Les dessous de Nath","url":"https:\/\/lesdessousdenath.fr\/","logo":{"@type":"ImageObject","inLanguage":"fr-FR","@id":"https:\/\/lesdessousdenath.fr\/#\/schema\/logo\/image\/","url":"https:\/\/lesdessousdenath.fr\/wp-content\/uploads\/2020\/09\/logo.png","contentUrl":"https:\/\/lesdessousdenath.fr\/wp-content\/uploads\/2020\/09\/logo.png","width":207,"height":32,"caption":"Les dessous de Nath"},"image":{"@id":"https:\/\/lesdessousdenath.fr\/#\/schema\/logo\/image\/"},"sameAs":["https:\/\/www.facebook.com\/Les-dessous-de-Nath-100724281804184\/","https:\/\/x.com\/DessousNath","https:\/\/www.instagram.com\/LesDessousdeNath"]}]}},"jetpack_sharing_enabled":true,"_links":{"self":[{"href":"https:\/\/lesdessousdenath.fr\/index.php\/wp-json\/wp\/v2\/product\/6393","targetHints":{"allow":["GET"]}}],"collection":[{"href":"https:\/\/lesdessousdenath.fr\/index.php\/wp-json\/wp\/v2\/product"}],"about":[{"href":"https:\/\/lesdessousdenath.fr\/index.php\/wp-json\/wp\/v2\/types\/product"}],"replies":[{"embeddable":true,"href":"https:\/\/lesdessousdenath.fr\/index.php\/wp-json\/wp\/v2\/comments?post=6393"}],"wp:featuredmedia":[{"embeddable":true,"href":"https:\/\/lesdessousdenath.fr\/index.php\/wp-json\/wp\/v2\/media\/6394"}],"wp:attachment":[{"href":"https:\/\/lesdessousdenath.fr\/index.php\/wp-json\/wp\/v2\/media?parent=6393"}],"wp:term":[{"taxonomy":"product_brand","embeddable":true,"href":"https:\/\/lesdessousdenath.fr\/index.php\/wp-json\/wp\/v2\/product_brand?post=6393"},{"taxonomy":"product_cat","embeddable":true,"href":"https:\/\/lesdessousdenath.fr\/index.php\/wp-json\/wp\/v2\/product_cat?post=6393"},{"taxonomy":"product_tag","embeddable":true,"href":"https:\/\/lesdessousdenath.fr\/index.php\/wp-json\/wp\/v2\/product_tag?post=6393"}],"curies":[{"name":"wp","href":"https:\/\/api.w.org\/{rel}","templated":true}]}}