{"id":6983,"date":"2021-10-01T17:08:29","date_gmt":"2021-10-01T17:08:29","guid":{"rendered":"https:\/\/lesdessousdenath.fr\/?post_type=product&#038;p=6983"},"modified":"2025-08-20T07:09:28","modified_gmt":"2025-08-20T07:09:28","slug":"porte-jarretelles-rediosa","status":"publish","type":"product","link":"https:\/\/lesdessousdenath.fr\/index.php\/product\/porte-jarretelles-rediosa\/","title":{"rendered":"PORTE JARRETELLES REDIOSA"},"content":{"rendered":"<p><strong>PORTE JARRETELLES REDIOSA<\/strong><\/p>\n<p> &#8211; Porte-jarretelles insolite \u2013 couleur audacieuse, dentelle innocemment translucide !<br \/>\n &#8211; Motif de dentelle florale \u2013 \u00e9l\u00e9gance classique<br \/>\n &#8211; Bretelles \u00e9lastiques sur les c\u00f4t\u00e9s \u2013 un look f\u00e9minin<br \/>\n &#8211; <strong>Porte-jarretelles r\u00e9glables<\/strong> &#8211; la garantie d&rsquo;ajustement parfait<br \/>\n &#8211; Style 2en1 : porte-jarretelles et string<br \/>\n &#8211; <strong>Entrejambe ouvert avec bretelles r\u00e9glables<\/strong> \u2013 un aspect tentant<br \/>\n &#8211; <strong>Mati\u00e8re agr\u00e9able avec \u00e9lasticit\u00e9<\/strong> (90% polyamide, 10% \u00e9lasthanne)<br \/>\n &#8211; Bas non inclus<\/p>\n","protected":false},"excerpt":{"rendered":"<p style=\"margin-top: -100px; margin-left: -45px;\"><img decoding=\"async\" style=\"max-height: 120px;\" src=\"https:\/\/lesdessousdenath.fr\/wp-content\/uploads\/2020\/11\/Nat.png\" \/><\/p>\n<p style=\"font-size: 30px; margin-top: -50px;\"><strong>PORTE JARRETELLE REDIOSA<\/strong><\/p>\n<p>Nous vous avons pr\u00e9par\u00e9 un magnifique porte-jarretelles 2 en 1 avec un string.<br \/>\nLaissez-vous s\u00e9duire par la couleur rouge, la dentelle fantastique et la coupe du Rediosa.<\/p>\n<p>Le tout est surmont\u00e9 de bretelles l\u00e2chement entrelac\u00e9es sur les hanches. Tissu d\u00e9licat, design frivole et motif d\u00e9licat&#8230;<br \/>\n<strong>Bas non inclus !<\/strong><\/p>\n<blockquote><p>C&rsquo;est ce que vous avez en t\u00eate quand vous entendez \u00ab lingerie sensuelle \u00bb, non ?<\/p><\/blockquote>\n<table style=\"width;100%;\">\n<tbody>\n<tr>\n<td style=\"text-align: center; margin: 5px; background-color: #ffffff;\">Pochette avant<br \/>\n<a href=\"https:\/\/lesdessousdenath.fr\/wp-content\/uploads\/2021\/10\/Porte-jarretelles-Rediosa-6.jpg\"><br \/>\n<img decoding=\"async\" style=\"margin-top: -20px;\" src=\"https:\/\/lesdessousdenath.fr\/wp-content\/uploads\/2021\/10\/Porte-jarretelles-Rediosa-6.jpg\" \/><br \/>\n<\/a><\/td>\n<td style=\"text-align: center; margin: 5px; background-color: #ffffff;\">Pochette arri\u00e8re<br \/>\n<a href=\"https:\/\/lesdessousdenath.fr\/wp-content\/uploads\/2021\/10\/Porte-jarretelles-Rediosa-7.jpg\"><br \/>\n<img decoding=\"async\" style=\"margin-top: -20px;\" src=\"https:\/\/lesdessousdenath.fr\/wp-content\/uploads\/2021\/10\/Porte-jarretelles-Rediosa-7.jpg\" \/><br \/>\n<\/a><\/td>\n<\/tr>\n<\/tbody>\n<\/table>\n<p style=\"text-align: center;\"><strong style=\"color: #ff0000;\">Attention !<\/strong><br \/>\nLes tailles peuvent \u00eatre diff\u00e9rentes selon les marques.<br \/>\n<a href=\"https:\/\/lesdessousdenath.fr\/wp-content\/uploads\/2021\/10\/Porte-jarretelles-Rediosa-8.jpg\">Voire le guide des tailles<\/a><\/p>\n","protected":false},"featured_media":6987,"comment_status":"open","ping_status":"closed","template":"","meta":[],"product_brand":[],"product_cat":[395,398],"product_tag":[],"class_list":{"0":"post-6983","1":"product","2":"type-product","3":"status-publish","4":"has-post-thumbnail","6":"product_cat-lingerie","7":"product_cat-porte-jarretelles-lingerie","9":"first","10":"instock","11":"taxable","12":"shipping-taxable","13":"purchasable","14":"product-type-variable"},"yoast_head":"<!-- This site is optimized with the Yoast SEO plugin v27.2 - https:\/\/yoast.com\/product\/yoast-seo-wordpress\/ -->\n<title>REDIOSA - Porte-jarretelles 2 en 1 rouge de chez OBSESSIVE<\/title>\n<meta name=\"description\" content=\"Laissez-vous s\u00e9duire par la couleur rouge, la dentelle fantastique et la coupe du magnifique porte-jarretelles Rediosa.\" \/>\n<meta name=\"robots\" content=\"index, follow, max-snippet:-1, max-image-preview:large, max-video-preview:-1\" \/>\n<link rel=\"canonical\" href=\"https:\/\/lesdessousdenath.fr\/index.php\/product\/porte-jarretelles-rediosa\/\" \/>\n<meta property=\"og:locale\" content=\"fr_FR\" \/>\n<meta property=\"og:type\" content=\"article\" \/>\n<meta property=\"og:title\" content=\"REDIOSA - Porte-jarretelles 2 en 1 rouge de chez OBSESSIVE\" \/>\n<meta property=\"og:description\" content=\"Laissez-vous s\u00e9duire par la couleur rouge, la dentelle fantastique et la coupe du magnifique porte-jarretelles Rediosa.\" \/>\n<meta property=\"og:url\" content=\"https:\/\/lesdessousdenath.fr\/index.php\/product\/porte-jarretelles-rediosa\/\" \/>\n<meta property=\"og:site_name\" content=\"Les dessous de Nath\" \/>\n<meta property=\"article:publisher\" content=\"https:\/\/www.facebook.com\/Les-dessous-de-Nath-100724281804184\/\" \/>\n<meta property=\"article:modified_time\" content=\"2025-08-20T07:09:28+00:00\" \/>\n<meta property=\"og:image\" content=\"https:\/\/lesdessousdenath.fr\/wp-content\/uploads\/2021\/10\/Porte-jarretelles-Rediosa-1.jpg\" \/>\n\t<meta property=\"og:image:width\" content=\"840\" \/>\n\t<meta property=\"og:image:height\" content=\"1500\" \/>\n\t<meta property=\"og:image:type\" content=\"image\/jpeg\" \/>\n<meta name=\"twitter:card\" content=\"summary_large_image\" \/>\n<meta name=\"twitter:site\" content=\"@DessousNath\" \/>\n<meta name=\"twitter:label1\" content=\"Dur\u00e9e de lecture estim\u00e9e\" \/>\n\t<meta name=\"twitter:data1\" content=\"1 minute\" \/>\n<script type=\"application\/ld+json\" class=\"yoast-schema-graph\">{\"@context\":\"https:\/\/schema.org\",\"@graph\":[{\"@type\":\"WebPage\",\"@id\":\"https:\/\/lesdessousdenath.fr\/index.php\/product\/porte-jarretelles-rediosa\/\",\"url\":\"https:\/\/lesdessousdenath.fr\/index.php\/product\/porte-jarretelles-rediosa\/\",\"name\":\"REDIOSA - Porte-jarretelles 2 en 1 rouge de chez OBSESSIVE\",\"isPartOf\":{\"@id\":\"https:\/\/lesdessousdenath.fr\/#website\"},\"primaryImageOfPage\":{\"@id\":\"https:\/\/lesdessousdenath.fr\/index.php\/product\/porte-jarretelles-rediosa\/#primaryimage\"},\"image\":{\"@id\":\"https:\/\/lesdessousdenath.fr\/index.php\/product\/porte-jarretelles-rediosa\/#primaryimage\"},\"thumbnailUrl\":\"https:\/\/i0.wp.com\/lesdessousdenath.fr\/wp-content\/uploads\/2021\/10\/Porte-jarretelles-Rediosa-1.jpg?fit=840%2C1500&ssl=1\",\"datePublished\":\"2021-10-01T17:08:29+00:00\",\"dateModified\":\"2025-08-20T07:09:28+00:00\",\"description\":\"Laissez-vous s\u00e9duire par la couleur rouge, la dentelle fantastique et la coupe du magnifique porte-jarretelles Rediosa.\",\"breadcrumb\":{\"@id\":\"https:\/\/lesdessousdenath.fr\/index.php\/product\/porte-jarretelles-rediosa\/#breadcrumb\"},\"inLanguage\":\"fr-FR\",\"potentialAction\":[{\"@type\":\"ReadAction\",\"target\":[\"https:\/\/lesdessousdenath.fr\/index.php\/product\/porte-jarretelles-rediosa\/\"]}]},{\"@type\":\"ImageObject\",\"inLanguage\":\"fr-FR\",\"@id\":\"https:\/\/lesdessousdenath.fr\/index.php\/product\/porte-jarretelles-rediosa\/#primaryimage\",\"url\":\"https:\/\/i0.wp.com\/lesdessousdenath.fr\/wp-content\/uploads\/2021\/10\/Porte-jarretelles-Rediosa-1.jpg?fit=840%2C1500&ssl=1\",\"contentUrl\":\"https:\/\/i0.wp.com\/lesdessousdenath.fr\/wp-content\/uploads\/2021\/10\/Porte-jarretelles-Rediosa-1.jpg?fit=840%2C1500&ssl=1\",\"width\":840,\"height\":1500,\"caption\":\"Porte-jarretelles Rediosa\"},{\"@type\":\"BreadcrumbList\",\"@id\":\"https:\/\/lesdessousdenath.fr\/index.php\/product\/porte-jarretelles-rediosa\/#breadcrumb\",\"itemListElement\":[{\"@type\":\"ListItem\",\"position\":1,\"name\":\"Home\",\"item\":\"https:\/\/lesdessousdenath.fr\/\"},{\"@type\":\"ListItem\",\"position\":2,\"name\":\"BAS &#038; COLLANTS\",\"item\":\"https:\/\/lesdessousdenath.fr\/index.php\/shop\/\"},{\"@type\":\"ListItem\",\"position\":3,\"name\":\"PORTE JARRETELLES REDIOSA\"}]},{\"@type\":\"WebSite\",\"@id\":\"https:\/\/lesdessousdenath.fr\/#website\",\"url\":\"https:\/\/lesdessousdenath.fr\/\",\"name\":\"Les dessous de Nath\",\"description\":\"Belle en collants\",\"publisher\":{\"@id\":\"https:\/\/lesdessousdenath.fr\/#organization\"},\"potentialAction\":[{\"@type\":\"SearchAction\",\"target\":{\"@type\":\"EntryPoint\",\"urlTemplate\":\"https:\/\/lesdessousdenath.fr\/?s={search_term_string}\"},\"query-input\":{\"@type\":\"PropertyValueSpecification\",\"valueRequired\":true,\"valueName\":\"search_term_string\"}}],\"inLanguage\":\"fr-FR\"},{\"@type\":\"Organization\",\"@id\":\"https:\/\/lesdessousdenath.fr\/#organization\",\"name\":\"Les dessous de Nath\",\"url\":\"https:\/\/lesdessousdenath.fr\/\",\"logo\":{\"@type\":\"ImageObject\",\"inLanguage\":\"fr-FR\",\"@id\":\"https:\/\/lesdessousdenath.fr\/#\/schema\/logo\/image\/\",\"url\":\"https:\/\/lesdessousdenath.fr\/wp-content\/uploads\/2020\/09\/logo.png\",\"contentUrl\":\"https:\/\/lesdessousdenath.fr\/wp-content\/uploads\/2020\/09\/logo.png\",\"width\":207,\"height\":32,\"caption\":\"Les dessous de Nath\"},\"image\":{\"@id\":\"https:\/\/lesdessousdenath.fr\/#\/schema\/logo\/image\/\"},\"sameAs\":[\"https:\/\/www.facebook.com\/Les-dessous-de-Nath-100724281804184\/\",\"https:\/\/x.com\/DessousNath\",\"https:\/\/www.instagram.com\/LesDessousdeNath\"]}]}<\/script>\n<!-- \/ Yoast SEO plugin. -->","yoast_head_json":{"title":"REDIOSA - Porte-jarretelles 2 en 1 rouge de chez OBSESSIVE","description":"Laissez-vous s\u00e9duire par la couleur rouge, la dentelle fantastique et la coupe du magnifique porte-jarretelles Rediosa.","robots":{"index":"index","follow":"follow","max-snippet":"max-snippet:-1","max-image-preview":"max-image-preview:large","max-video-preview":"max-video-preview:-1"},"canonical":"https:\/\/lesdessousdenath.fr\/index.php\/product\/porte-jarretelles-rediosa\/","og_locale":"fr_FR","og_type":"article","og_title":"REDIOSA - Porte-jarretelles 2 en 1 rouge de chez OBSESSIVE","og_description":"Laissez-vous s\u00e9duire par la couleur rouge, la dentelle fantastique et la coupe du magnifique porte-jarretelles Rediosa.","og_url":"https:\/\/lesdessousdenath.fr\/index.php\/product\/porte-jarretelles-rediosa\/","og_site_name":"Les dessous de Nath","article_publisher":"https:\/\/www.facebook.com\/Les-dessous-de-Nath-100724281804184\/","article_modified_time":"2025-08-20T07:09:28+00:00","og_image":[{"width":840,"height":1500,"url":"https:\/\/lesdessousdenath.fr\/wp-content\/uploads\/2021\/10\/Porte-jarretelles-Rediosa-1.jpg","type":"image\/jpeg"}],"twitter_card":"summary_large_image","twitter_site":"@DessousNath","twitter_misc":{"Dur\u00e9e de lecture estim\u00e9e":"1 minute"},"schema":{"@context":"https:\/\/schema.org","@graph":[{"@type":"WebPage","@id":"https:\/\/lesdessousdenath.fr\/index.php\/product\/porte-jarretelles-rediosa\/","url":"https:\/\/lesdessousdenath.fr\/index.php\/product\/porte-jarretelles-rediosa\/","name":"REDIOSA - Porte-jarretelles 2 en 1 rouge de chez OBSESSIVE","isPartOf":{"@id":"https:\/\/lesdessousdenath.fr\/#website"},"primaryImageOfPage":{"@id":"https:\/\/lesdessousdenath.fr\/index.php\/product\/porte-jarretelles-rediosa\/#primaryimage"},"image":{"@id":"https:\/\/lesdessousdenath.fr\/index.php\/product\/porte-jarretelles-rediosa\/#primaryimage"},"thumbnailUrl":"https:\/\/i0.wp.com\/lesdessousdenath.fr\/wp-content\/uploads\/2021\/10\/Porte-jarretelles-Rediosa-1.jpg?fit=840%2C1500&ssl=1","datePublished":"2021-10-01T17:08:29+00:00","dateModified":"2025-08-20T07:09:28+00:00","description":"Laissez-vous s\u00e9duire par la couleur rouge, la dentelle fantastique et la coupe du magnifique porte-jarretelles Rediosa.","breadcrumb":{"@id":"https:\/\/lesdessousdenath.fr\/index.php\/product\/porte-jarretelles-rediosa\/#breadcrumb"},"inLanguage":"fr-FR","potentialAction":[{"@type":"ReadAction","target":["https:\/\/lesdessousdenath.fr\/index.php\/product\/porte-jarretelles-rediosa\/"]}]},{"@type":"ImageObject","inLanguage":"fr-FR","@id":"https:\/\/lesdessousdenath.fr\/index.php\/product\/porte-jarretelles-rediosa\/#primaryimage","url":"https:\/\/i0.wp.com\/lesdessousdenath.fr\/wp-content\/uploads\/2021\/10\/Porte-jarretelles-Rediosa-1.jpg?fit=840%2C1500&ssl=1","contentUrl":"https:\/\/i0.wp.com\/lesdessousdenath.fr\/wp-content\/uploads\/2021\/10\/Porte-jarretelles-Rediosa-1.jpg?fit=840%2C1500&ssl=1","width":840,"height":1500,"caption":"Porte-jarretelles Rediosa"},{"@type":"BreadcrumbList","@id":"https:\/\/lesdessousdenath.fr\/index.php\/product\/porte-jarretelles-rediosa\/#breadcrumb","itemListElement":[{"@type":"ListItem","position":1,"name":"Home","item":"https:\/\/lesdessousdenath.fr\/"},{"@type":"ListItem","position":2,"name":"BAS &#038; COLLANTS","item":"https:\/\/lesdessousdenath.fr\/index.php\/shop\/"},{"@type":"ListItem","position":3,"name":"PORTE JARRETELLES REDIOSA"}]},{"@type":"WebSite","@id":"https:\/\/lesdessousdenath.fr\/#website","url":"https:\/\/lesdessousdenath.fr\/","name":"Les dessous de Nath","description":"Belle en collants","publisher":{"@id":"https:\/\/lesdessousdenath.fr\/#organization"},"potentialAction":[{"@type":"SearchAction","target":{"@type":"EntryPoint","urlTemplate":"https:\/\/lesdessousdenath.fr\/?s={search_term_string}"},"query-input":{"@type":"PropertyValueSpecification","valueRequired":true,"valueName":"search_term_string"}}],"inLanguage":"fr-FR"},{"@type":"Organization","@id":"https:\/\/lesdessousdenath.fr\/#organization","name":"Les dessous de Nath","url":"https:\/\/lesdessousdenath.fr\/","logo":{"@type":"ImageObject","inLanguage":"fr-FR","@id":"https:\/\/lesdessousdenath.fr\/#\/schema\/logo\/image\/","url":"https:\/\/lesdessousdenath.fr\/wp-content\/uploads\/2020\/09\/logo.png","contentUrl":"https:\/\/lesdessousdenath.fr\/wp-content\/uploads\/2020\/09\/logo.png","width":207,"height":32,"caption":"Les dessous de Nath"},"image":{"@id":"https:\/\/lesdessousdenath.fr\/#\/schema\/logo\/image\/"},"sameAs":["https:\/\/www.facebook.com\/Les-dessous-de-Nath-100724281804184\/","https:\/\/x.com\/DessousNath","https:\/\/www.instagram.com\/LesDessousdeNath"]}]}},"jetpack_sharing_enabled":true,"_links":{"self":[{"href":"https:\/\/lesdessousdenath.fr\/index.php\/wp-json\/wp\/v2\/product\/6983","targetHints":{"allow":["GET"]}}],"collection":[{"href":"https:\/\/lesdessousdenath.fr\/index.php\/wp-json\/wp\/v2\/product"}],"about":[{"href":"https:\/\/lesdessousdenath.fr\/index.php\/wp-json\/wp\/v2\/types\/product"}],"replies":[{"embeddable":true,"href":"https:\/\/lesdessousdenath.fr\/index.php\/wp-json\/wp\/v2\/comments?post=6983"}],"wp:featuredmedia":[{"embeddable":true,"href":"https:\/\/lesdessousdenath.fr\/index.php\/wp-json\/wp\/v2\/media\/6987"}],"wp:attachment":[{"href":"https:\/\/lesdessousdenath.fr\/index.php\/wp-json\/wp\/v2\/media?parent=6983"}],"wp:term":[{"taxonomy":"product_brand","embeddable":true,"href":"https:\/\/lesdessousdenath.fr\/index.php\/wp-json\/wp\/v2\/product_brand?post=6983"},{"taxonomy":"product_cat","embeddable":true,"href":"https:\/\/lesdessousdenath.fr\/index.php\/wp-json\/wp\/v2\/product_cat?post=6983"},{"taxonomy":"product_tag","embeddable":true,"href":"https:\/\/lesdessousdenath.fr\/index.php\/wp-json\/wp\/v2\/product_tag?post=6983"}],"curies":[{"name":"wp","href":"https:\/\/api.w.org\/{rel}","templated":true}]}}