{"id":7803,"date":"2020-10-15T16:28:04","date_gmt":"2020-10-15T16:28:04","guid":{"rendered":"https:\/\/lesdessousdenath.fr\/?post_type=product&#038;p=7803"},"modified":"2025-08-20T11:04:20","modified_gmt":"2025-08-20T11:04:20","slug":"bas-st020-bronze","status":"publish","type":"product","link":"https:\/\/lesdessousdenath.fr\/index.php\/product\/bas-st020-bronze\/","title":{"rendered":"BAS ST020 BRONZE"},"content":{"rendered":"<p><strong>BAS AUTOFIXANTS ST020 BRONZE<\/strong><\/p>\n<p>On aime la d\u00e9licatesse de la fine r\u00e9sille propos\u00e9e par Passion avec ce model qui sublime la jambe.<\/p>\n<p>Une large jarreti\u00e8re silicon\u00e9e et d\u00e9cor\u00e9e de dentelle permet une tenue irr\u00e9prochable.<\/p>\n","protected":false},"excerpt":{"rendered":"<p style=\"margin-top: -100px; margin-left: -45px;\"><img decoding=\"async\" style=\"max-height: 120px;\" src=\"https:\/\/lesdessousdenath.fr\/wp-content\/uploads\/2020\/11\/Nat.png\" \/><\/p>\n<p style=\"font-size: 30px; margin-top: -50px;\"><strong>BAS ST020 BRONZE<\/strong><\/p>\n<p><strong>les bas r\u00e9silles<\/strong> sont toujours \u00e0 la mode ! On aime la d\u00e9licatesse de la fine r\u00e9sille propos\u00e9e par Passion avec ce model <strong>ST020 BRONZE<\/strong> qui sublime la jambe, masque les imperfections et \u00e9voque une grande f\u00e9minit\u00e9.<\/p>\n<p>Une large jarreti\u00e8re silicon\u00e9e et d\u00e9cor\u00e9e de dentelle permet une tenue irr\u00e9prochable.<\/p>\n<blockquote><p>Les jarreti\u00e8res en dentelle sont \u00e9lastiqu\u00e9es ce qui assure l&rsquo;adh\u00e9rence du bas sur la cuisse. Ca tient tout seul !<\/p><\/blockquote>\n<table>\n<tbody>\n<tr>\n<td style=\"text-align: center; margin: 5px; background-color: #ffffff;\">Pochette avant<br \/>\n<a href=\"https:\/\/lesdessousdenath.fr\/wp-content\/uploads\/2021\/12\/Bas-Autofixant-resille-st020-Bronze-4.jpg\"><br \/>\n<img decoding=\"async\" style=\"margin-top: -20px;\" src=\"https:\/\/lesdessousdenath.fr\/wp-content\/uploads\/2021\/12\/Bas-Autofixant-resille-st020-Bronze-4.jpg\" \/><br \/>\n<\/a><\/td>\n<td style=\"text-align: center; margin: 5px; background-color: #ffffff;\">Pochette arri\u00e8re<br \/>\n<a href=\"https:\/\/lesdessousdenath.fr\/wp-content\/uploads\/2021\/12\/Bas-Autofixant-resille-st020-Bronze-5.jpg\"><br \/>\n<img decoding=\"async\" style=\"margin-top: -20px;\" src=\"https:\/\/lesdessousdenath.fr\/wp-content\/uploads\/2021\/12\/Bas-Autofixant-resille-st020-Bronze-5.jpg\" \/><br \/>\n<\/a><\/td>\n<\/tr>\n<\/tbody>\n<\/table>\n<p style=\"text-align: center;\"><strong style=\"color: #ff0000;\">Attention !<\/strong><br \/>\nLes tailles peuvent \u00eatre diff\u00e9rentes selon les marques.<br \/>\n<a href=\"https:\/\/lesdessousdenath.fr\/wp-content\/uploads\/2021\/02\/Bas-resille-ST020-blanc-6.jpg\">Voire le guide des tailles<\/a><\/p>\n","protected":false},"featured_media":7805,"comment_status":"open","ping_status":"closed","template":"","meta":[],"product_brand":[],"product_cat":[208,202],"product_tag":[],"class_list":{"0":"post-7803","1":"product","2":"type-product","3":"status-publish","4":"has-post-thumbnail","6":"product_cat-autofixant","7":"product_cat-bas","9":"first","10":"instock","11":"taxable","12":"shipping-taxable","13":"purchasable","14":"product-type-variable"},"yoast_head":"<!-- This site is optimized with the Yoast SEO plugin v27.2 - https:\/\/yoast.com\/product\/yoast-seo-wordpress\/ -->\n<title>ST020 BRONZE - Bas r\u00e9sille autofixants et repositionnable<\/title>\n<meta name=\"description\" content=\"Bas ST020 bronze de chez Passion en fine r\u00e9sille. Une large jarreti\u00e8re silicon\u00e9e et d\u00e9cor\u00e9e de dentelle permet une tenue irr\u00e9prochable.\" \/>\n<meta name=\"robots\" content=\"index, follow, max-snippet:-1, max-image-preview:large, max-video-preview:-1\" \/>\n<link rel=\"canonical\" href=\"https:\/\/lesdessousdenath.fr\/index.php\/product\/bas-st020-bronze\/\" \/>\n<meta property=\"og:locale\" content=\"fr_FR\" \/>\n<meta property=\"og:type\" content=\"article\" \/>\n<meta property=\"og:title\" content=\"ST020 BRONZE - Bas r\u00e9sille autofixants et repositionnable\" \/>\n<meta property=\"og:description\" content=\"Bas ST020 bronze de chez Passion en fine r\u00e9sille. Une large jarreti\u00e8re silicon\u00e9e et d\u00e9cor\u00e9e de dentelle permet une tenue irr\u00e9prochable.\" \/>\n<meta property=\"og:url\" content=\"https:\/\/lesdessousdenath.fr\/index.php\/product\/bas-st020-bronze\/\" \/>\n<meta property=\"og:site_name\" content=\"Les dessous de Nath\" \/>\n<meta property=\"article:publisher\" content=\"https:\/\/www.facebook.com\/Les-dessous-de-Nath-100724281804184\/\" \/>\n<meta property=\"article:modified_time\" content=\"2025-08-20T11:04:20+00:00\" \/>\n<meta property=\"og:image\" content=\"https:\/\/lesdessousdenath.fr\/wp-content\/uploads\/2021\/12\/Bas-Autofixant-resille-st020-Bronze-1.jpg\" \/>\n\t<meta property=\"og:image:width\" content=\"840\" \/>\n\t<meta property=\"og:image:height\" content=\"1500\" \/>\n\t<meta property=\"og:image:type\" content=\"image\/jpeg\" \/>\n<meta name=\"twitter:card\" content=\"summary_large_image\" \/>\n<meta name=\"twitter:site\" content=\"@DessousNath\" \/>\n<meta name=\"twitter:label1\" content=\"Dur\u00e9e de lecture estim\u00e9e\" \/>\n\t<meta name=\"twitter:data1\" content=\"1 minute\" \/>\n<script type=\"application\/ld+json\" class=\"yoast-schema-graph\">{\"@context\":\"https:\/\/schema.org\",\"@graph\":[{\"@type\":\"WebPage\",\"@id\":\"https:\/\/lesdessousdenath.fr\/index.php\/product\/bas-st020-bronze\/\",\"url\":\"https:\/\/lesdessousdenath.fr\/index.php\/product\/bas-st020-bronze\/\",\"name\":\"ST020 BRONZE - Bas r\u00e9sille autofixants et repositionnable\",\"isPartOf\":{\"@id\":\"https:\/\/lesdessousdenath.fr\/#website\"},\"primaryImageOfPage\":{\"@id\":\"https:\/\/lesdessousdenath.fr\/index.php\/product\/bas-st020-bronze\/#primaryimage\"},\"image\":{\"@id\":\"https:\/\/lesdessousdenath.fr\/index.php\/product\/bas-st020-bronze\/#primaryimage\"},\"thumbnailUrl\":\"https:\/\/i0.wp.com\/lesdessousdenath.fr\/wp-content\/uploads\/2021\/12\/Bas-Autofixant-resille-st020-Bronze-1.jpg?fit=840%2C1500&ssl=1\",\"datePublished\":\"2020-10-15T16:28:04+00:00\",\"dateModified\":\"2025-08-20T11:04:20+00:00\",\"description\":\"Bas ST020 bronze de chez Passion en fine r\u00e9sille. Une large jarreti\u00e8re silicon\u00e9e et d\u00e9cor\u00e9e de dentelle permet une tenue irr\u00e9prochable.\",\"breadcrumb\":{\"@id\":\"https:\/\/lesdessousdenath.fr\/index.php\/product\/bas-st020-bronze\/#breadcrumb\"},\"inLanguage\":\"fr-FR\",\"potentialAction\":[{\"@type\":\"ReadAction\",\"target\":[\"https:\/\/lesdessousdenath.fr\/index.php\/product\/bas-st020-bronze\/\"]}]},{\"@type\":\"ImageObject\",\"inLanguage\":\"fr-FR\",\"@id\":\"https:\/\/lesdessousdenath.fr\/index.php\/product\/bas-st020-bronze\/#primaryimage\",\"url\":\"https:\/\/i0.wp.com\/lesdessousdenath.fr\/wp-content\/uploads\/2021\/12\/Bas-Autofixant-resille-st020-Bronze-1.jpg?fit=840%2C1500&ssl=1\",\"contentUrl\":\"https:\/\/i0.wp.com\/lesdessousdenath.fr\/wp-content\/uploads\/2021\/12\/Bas-Autofixant-resille-st020-Bronze-1.jpg?fit=840%2C1500&ssl=1\",\"width\":840,\"height\":1500,\"caption\":\"Bas Autofixant resille st020 Bronze\"},{\"@type\":\"BreadcrumbList\",\"@id\":\"https:\/\/lesdessousdenath.fr\/index.php\/product\/bas-st020-bronze\/#breadcrumb\",\"itemListElement\":[{\"@type\":\"ListItem\",\"position\":1,\"name\":\"Home\",\"item\":\"https:\/\/lesdessousdenath.fr\/\"},{\"@type\":\"ListItem\",\"position\":2,\"name\":\"BAS &#038; COLLANTS\",\"item\":\"https:\/\/lesdessousdenath.fr\/index.php\/shop\/\"},{\"@type\":\"ListItem\",\"position\":3,\"name\":\"BAS ST020 BRONZE\"}]},{\"@type\":\"WebSite\",\"@id\":\"https:\/\/lesdessousdenath.fr\/#website\",\"url\":\"https:\/\/lesdessousdenath.fr\/\",\"name\":\"Les dessous de Nath\",\"description\":\"Belle en collants\",\"publisher\":{\"@id\":\"https:\/\/lesdessousdenath.fr\/#organization\"},\"potentialAction\":[{\"@type\":\"SearchAction\",\"target\":{\"@type\":\"EntryPoint\",\"urlTemplate\":\"https:\/\/lesdessousdenath.fr\/?s={search_term_string}\"},\"query-input\":{\"@type\":\"PropertyValueSpecification\",\"valueRequired\":true,\"valueName\":\"search_term_string\"}}],\"inLanguage\":\"fr-FR\"},{\"@type\":\"Organization\",\"@id\":\"https:\/\/lesdessousdenath.fr\/#organization\",\"name\":\"Les dessous de Nath\",\"url\":\"https:\/\/lesdessousdenath.fr\/\",\"logo\":{\"@type\":\"ImageObject\",\"inLanguage\":\"fr-FR\",\"@id\":\"https:\/\/lesdessousdenath.fr\/#\/schema\/logo\/image\/\",\"url\":\"https:\/\/lesdessousdenath.fr\/wp-content\/uploads\/2020\/09\/logo.png\",\"contentUrl\":\"https:\/\/lesdessousdenath.fr\/wp-content\/uploads\/2020\/09\/logo.png\",\"width\":207,\"height\":32,\"caption\":\"Les dessous de Nath\"},\"image\":{\"@id\":\"https:\/\/lesdessousdenath.fr\/#\/schema\/logo\/image\/\"},\"sameAs\":[\"https:\/\/www.facebook.com\/Les-dessous-de-Nath-100724281804184\/\",\"https:\/\/x.com\/DessousNath\",\"https:\/\/www.instagram.com\/LesDessousdeNath\"]}]}<\/script>\n<!-- \/ Yoast SEO plugin. -->","yoast_head_json":{"title":"ST020 BRONZE - Bas r\u00e9sille autofixants et repositionnable","description":"Bas ST020 bronze de chez Passion en fine r\u00e9sille. Une large jarreti\u00e8re silicon\u00e9e et d\u00e9cor\u00e9e de dentelle permet une tenue irr\u00e9prochable.","robots":{"index":"index","follow":"follow","max-snippet":"max-snippet:-1","max-image-preview":"max-image-preview:large","max-video-preview":"max-video-preview:-1"},"canonical":"https:\/\/lesdessousdenath.fr\/index.php\/product\/bas-st020-bronze\/","og_locale":"fr_FR","og_type":"article","og_title":"ST020 BRONZE - Bas r\u00e9sille autofixants et repositionnable","og_description":"Bas ST020 bronze de chez Passion en fine r\u00e9sille. Une large jarreti\u00e8re silicon\u00e9e et d\u00e9cor\u00e9e de dentelle permet une tenue irr\u00e9prochable.","og_url":"https:\/\/lesdessousdenath.fr\/index.php\/product\/bas-st020-bronze\/","og_site_name":"Les dessous de Nath","article_publisher":"https:\/\/www.facebook.com\/Les-dessous-de-Nath-100724281804184\/","article_modified_time":"2025-08-20T11:04:20+00:00","og_image":[{"width":840,"height":1500,"url":"https:\/\/lesdessousdenath.fr\/wp-content\/uploads\/2021\/12\/Bas-Autofixant-resille-st020-Bronze-1.jpg","type":"image\/jpeg"}],"twitter_card":"summary_large_image","twitter_site":"@DessousNath","twitter_misc":{"Dur\u00e9e de lecture estim\u00e9e":"1 minute"},"schema":{"@context":"https:\/\/schema.org","@graph":[{"@type":"WebPage","@id":"https:\/\/lesdessousdenath.fr\/index.php\/product\/bas-st020-bronze\/","url":"https:\/\/lesdessousdenath.fr\/index.php\/product\/bas-st020-bronze\/","name":"ST020 BRONZE - Bas r\u00e9sille autofixants et repositionnable","isPartOf":{"@id":"https:\/\/lesdessousdenath.fr\/#website"},"primaryImageOfPage":{"@id":"https:\/\/lesdessousdenath.fr\/index.php\/product\/bas-st020-bronze\/#primaryimage"},"image":{"@id":"https:\/\/lesdessousdenath.fr\/index.php\/product\/bas-st020-bronze\/#primaryimage"},"thumbnailUrl":"https:\/\/i0.wp.com\/lesdessousdenath.fr\/wp-content\/uploads\/2021\/12\/Bas-Autofixant-resille-st020-Bronze-1.jpg?fit=840%2C1500&ssl=1","datePublished":"2020-10-15T16:28:04+00:00","dateModified":"2025-08-20T11:04:20+00:00","description":"Bas ST020 bronze de chez Passion en fine r\u00e9sille. Une large jarreti\u00e8re silicon\u00e9e et d\u00e9cor\u00e9e de dentelle permet une tenue irr\u00e9prochable.","breadcrumb":{"@id":"https:\/\/lesdessousdenath.fr\/index.php\/product\/bas-st020-bronze\/#breadcrumb"},"inLanguage":"fr-FR","potentialAction":[{"@type":"ReadAction","target":["https:\/\/lesdessousdenath.fr\/index.php\/product\/bas-st020-bronze\/"]}]},{"@type":"ImageObject","inLanguage":"fr-FR","@id":"https:\/\/lesdessousdenath.fr\/index.php\/product\/bas-st020-bronze\/#primaryimage","url":"https:\/\/i0.wp.com\/lesdessousdenath.fr\/wp-content\/uploads\/2021\/12\/Bas-Autofixant-resille-st020-Bronze-1.jpg?fit=840%2C1500&ssl=1","contentUrl":"https:\/\/i0.wp.com\/lesdessousdenath.fr\/wp-content\/uploads\/2021\/12\/Bas-Autofixant-resille-st020-Bronze-1.jpg?fit=840%2C1500&ssl=1","width":840,"height":1500,"caption":"Bas Autofixant resille st020 Bronze"},{"@type":"BreadcrumbList","@id":"https:\/\/lesdessousdenath.fr\/index.php\/product\/bas-st020-bronze\/#breadcrumb","itemListElement":[{"@type":"ListItem","position":1,"name":"Home","item":"https:\/\/lesdessousdenath.fr\/"},{"@type":"ListItem","position":2,"name":"BAS &#038; COLLANTS","item":"https:\/\/lesdessousdenath.fr\/index.php\/shop\/"},{"@type":"ListItem","position":3,"name":"BAS ST020 BRONZE"}]},{"@type":"WebSite","@id":"https:\/\/lesdessousdenath.fr\/#website","url":"https:\/\/lesdessousdenath.fr\/","name":"Les dessous de Nath","description":"Belle en collants","publisher":{"@id":"https:\/\/lesdessousdenath.fr\/#organization"},"potentialAction":[{"@type":"SearchAction","target":{"@type":"EntryPoint","urlTemplate":"https:\/\/lesdessousdenath.fr\/?s={search_term_string}"},"query-input":{"@type":"PropertyValueSpecification","valueRequired":true,"valueName":"search_term_string"}}],"inLanguage":"fr-FR"},{"@type":"Organization","@id":"https:\/\/lesdessousdenath.fr\/#organization","name":"Les dessous de Nath","url":"https:\/\/lesdessousdenath.fr\/","logo":{"@type":"ImageObject","inLanguage":"fr-FR","@id":"https:\/\/lesdessousdenath.fr\/#\/schema\/logo\/image\/","url":"https:\/\/lesdessousdenath.fr\/wp-content\/uploads\/2020\/09\/logo.png","contentUrl":"https:\/\/lesdessousdenath.fr\/wp-content\/uploads\/2020\/09\/logo.png","width":207,"height":32,"caption":"Les dessous de Nath"},"image":{"@id":"https:\/\/lesdessousdenath.fr\/#\/schema\/logo\/image\/"},"sameAs":["https:\/\/www.facebook.com\/Les-dessous-de-Nath-100724281804184\/","https:\/\/x.com\/DessousNath","https:\/\/www.instagram.com\/LesDessousdeNath"]}]}},"jetpack_sharing_enabled":true,"_links":{"self":[{"href":"https:\/\/lesdessousdenath.fr\/index.php\/wp-json\/wp\/v2\/product\/7803","targetHints":{"allow":["GET"]}}],"collection":[{"href":"https:\/\/lesdessousdenath.fr\/index.php\/wp-json\/wp\/v2\/product"}],"about":[{"href":"https:\/\/lesdessousdenath.fr\/index.php\/wp-json\/wp\/v2\/types\/product"}],"replies":[{"embeddable":true,"href":"https:\/\/lesdessousdenath.fr\/index.php\/wp-json\/wp\/v2\/comments?post=7803"}],"wp:featuredmedia":[{"embeddable":true,"href":"https:\/\/lesdessousdenath.fr\/index.php\/wp-json\/wp\/v2\/media\/7805"}],"wp:attachment":[{"href":"https:\/\/lesdessousdenath.fr\/index.php\/wp-json\/wp\/v2\/media?parent=7803"}],"wp:term":[{"taxonomy":"product_brand","embeddable":true,"href":"https:\/\/lesdessousdenath.fr\/index.php\/wp-json\/wp\/v2\/product_brand?post=7803"},{"taxonomy":"product_cat","embeddable":true,"href":"https:\/\/lesdessousdenath.fr\/index.php\/wp-json\/wp\/v2\/product_cat?post=7803"},{"taxonomy":"product_tag","embeddable":true,"href":"https:\/\/lesdessousdenath.fr\/index.php\/wp-json\/wp\/v2\/product_tag?post=7803"}],"curies":[{"name":"wp","href":"https:\/\/api.w.org\/{rel}","templated":true}]}}