{"id":9047,"date":"2022-11-19T09:08:28","date_gmt":"2022-11-19T09:08:28","guid":{"rendered":"https:\/\/lesdessousdenath.fr\/?post_type=product&#038;p=9047"},"modified":"2025-08-28T11:49:08","modified_gmt":"2025-08-28T11:49:08","slug":"bas-calze-lux","status":"publish","type":"product","link":"https:\/\/lesdessousdenath.fr\/index.php\/product\/bas-calze-lux\/","title":{"rendered":"Bas CALZE LUX noir"},"content":{"rendered":"<p><strong>Bas CALZE LUX noir<\/strong><\/p>\n<p>Le tissu avec l\u2019ajout des fibres de Lycra s\u2019adapte parfaitement \u00e0 la forme de la jambe et la rend plus mince.<br \/>\nGr\u00e2ce \u00e0 la combinaison du style classique et d\u2019un accent tr\u00e8s fort sous forme de fils brillants, les bas ont un caract\u00e8re unique. Disponibles en plusieurs versions de couleurs, et en particulier ceux blancs s\u00e9duiront les mari\u00e9es.<\/p>\n","protected":false},"excerpt":{"rendered":"<p style=\"margin-top: -100px; margin-left: -45px;\"><img decoding=\"async\" style=\"max-height: 120px;\" src=\"https:\/\/lesdessousdenath.fr\/wp-content\/uploads\/2020\/11\/Nat.png\" \/><\/p>\n<p style=\"font-size: 30px; margin-top: -50px;\"><strong>BAS CALZE LUX<\/strong><\/p>\n<p><strong>Bas autofixant !<\/strong><\/p>\n<p>Les <strong>bas<\/strong> tr\u00e8s sensuels <strong>autoportants Calze Lux<\/strong> plairont en particulier aux femmes qui sont certaines de leur valeur.<br \/>\nUne finition caract\u00e9ristique compos\u00e9e de trois bandes couvertes de silicone et reli\u00e9es de mani\u00e8re subtile, maintient les bas \u00e0 leur place et en m\u00eame temps constitue un \u00e9l\u00e9ment tr\u00e8s int\u00e9ressant qui attire de l\u2019attention.<br \/>\nLe tissu avec l\u2019ajout des fibres de Lycra s\u2019adapte parfaitement \u00e0 la forme de la jambe et la rend plus mince. Gr\u00e2ce \u00e0 la combinaison du style classique et d\u2019un accent tr\u00e8s fort sous forme de fils brillants, les bas ont un caract\u00e8re unique.<\/p>\n<blockquote><p>Un mod\u00e8le provocateur avec sa jarreti\u00e8re et son liser\u00e9 noir, qui r\u00e9v\u00e8lera toute la sensualit\u00e9 de vos gambettes.<\/p><\/blockquote>\n<table style=\"width;100%; margin-top: -50px;\">\n<tbody>\n<tr>\n<td style=\"text-align: center; margin: 5px; background-color: #ffffff;\">Pochette avant<br \/>\n<a href=\"https:\/\/lesdessousdenath.fr\/wp-content\/uploads\/2022\/11\/Bas-Autofixant-Calze-Lux-4.jpg\"><br \/>\n<img decoding=\"async\" style=\"margin-top: -20px;\" src=\"https:\/\/lesdessousdenath.fr\/wp-content\/uploads\/2022\/11\/Bas-Autofixant-Calze-Lux-4.jpg\" \/><br \/>\n<\/a><\/td>\n<td style=\"text-align: center; margin: 5px; background-color: #ffffff;\">Pochette arri\u00e8re<br \/>\n<a href=\"https:\/\/lesdessousdenath.fr\/wp-content\/uploads\/2022\/11\/Bas-Autofixant-Calze-Lux-5.jpg\"><br \/>\n<img decoding=\"async\" style=\"margin-top: -20px;\" src=\"https:\/\/lesdessousdenath.fr\/wp-content\/uploads\/2022\/11\/Bas-Autofixant-Calze-Lux-5.jpg\" \/><br \/>\n<\/a><\/td>\n<\/tr>\n<\/tbody>\n<\/table>\n<p style=\"text-align: center;\"><strong style=\"color: #ff0000;\">Attention !<\/strong><br \/>\nLes tailles peuvent \u00eatre diff\u00e9rentes selon les marques.<br \/>\n<a href=\"https:\/\/lesdessousdenath.fr\/wp-content\/uploads\/2021\/10\/Bas-Autofixant-Lana-noir-5.jpg\">Voire le guide des tailles<\/a><\/p>\n","protected":false},"featured_media":9050,"comment_status":"open","ping_status":"closed","template":"","meta":[],"product_brand":[],"product_cat":[202,209],"product_tag":[],"class_list":{"0":"post-9047","1":"product","2":"type-product","3":"status-publish","4":"has-post-thumbnail","6":"product_cat-bas","7":"product_cat-pour-porte-jarretelles","9":"first","10":"instock","11":"taxable","12":"shipping-taxable","13":"purchasable","14":"product-type-variable"},"yoast_head":"<!-- This site is optimized with the Yoast SEO plugin v27.2 - https:\/\/yoast.com\/product\/yoast-seo-wordpress\/ -->\n<title>CALZE LUX \u2013 Bas autofixant noir tr\u00e8s sensuels de chez Gabriella<\/title>\n<meta name=\"description\" content=\"Les bas tr\u00e8s sensuels autoportants Calze Lux plairont en particulier aux femmes qui sont certaines de leur valeur.\" \/>\n<meta name=\"robots\" content=\"index, follow, max-snippet:-1, max-image-preview:large, max-video-preview:-1\" \/>\n<link rel=\"canonical\" href=\"https:\/\/lesdessousdenath.fr\/index.php\/product\/bas-calze-lux\/\" \/>\n<meta property=\"og:locale\" content=\"fr_FR\" \/>\n<meta property=\"og:type\" content=\"article\" \/>\n<meta property=\"og:title\" content=\"CALZE LUX \u2013 Bas autofixant noir tr\u00e8s sensuels de chez Gabriella\" \/>\n<meta property=\"og:description\" content=\"Les bas tr\u00e8s sensuels autoportants Calze Lux plairont en particulier aux femmes qui sont certaines de leur valeur.\" \/>\n<meta property=\"og:url\" content=\"https:\/\/lesdessousdenath.fr\/index.php\/product\/bas-calze-lux\/\" \/>\n<meta property=\"og:site_name\" content=\"Les dessous de Nath\" \/>\n<meta property=\"article:publisher\" content=\"https:\/\/www.facebook.com\/Les-dessous-de-Nath-100724281804184\/\" \/>\n<meta property=\"article:modified_time\" content=\"2025-08-28T11:49:08+00:00\" \/>\n<meta property=\"og:image\" content=\"https:\/\/lesdessousdenath.fr\/wp-content\/uploads\/2022\/11\/Bas-Autofixant-Calze-Lux-1.jpg\" \/>\n\t<meta property=\"og:image:width\" content=\"840\" \/>\n\t<meta property=\"og:image:height\" content=\"1500\" \/>\n\t<meta property=\"og:image:type\" content=\"image\/jpeg\" \/>\n<meta name=\"twitter:card\" content=\"summary_large_image\" \/>\n<meta name=\"twitter:site\" content=\"@DessousNath\" \/>\n<meta name=\"twitter:label1\" content=\"Dur\u00e9e de lecture estim\u00e9e\" \/>\n\t<meta name=\"twitter:data1\" content=\"1 minute\" \/>\n<script type=\"application\/ld+json\" class=\"yoast-schema-graph\">{\"@context\":\"https:\/\/schema.org\",\"@graph\":[{\"@type\":\"WebPage\",\"@id\":\"https:\/\/lesdessousdenath.fr\/index.php\/product\/bas-calze-lux\/\",\"url\":\"https:\/\/lesdessousdenath.fr\/index.php\/product\/bas-calze-lux\/\",\"name\":\"CALZE LUX \u2013 Bas autofixant noir tr\u00e8s sensuels de chez Gabriella\",\"isPartOf\":{\"@id\":\"https:\/\/lesdessousdenath.fr\/#website\"},\"primaryImageOfPage\":{\"@id\":\"https:\/\/lesdessousdenath.fr\/index.php\/product\/bas-calze-lux\/#primaryimage\"},\"image\":{\"@id\":\"https:\/\/lesdessousdenath.fr\/index.php\/product\/bas-calze-lux\/#primaryimage\"},\"thumbnailUrl\":\"https:\/\/i0.wp.com\/lesdessousdenath.fr\/wp-content\/uploads\/2022\/11\/Bas-Autofixant-Calze-Lux-1.jpg?fit=840%2C1500&ssl=1\",\"datePublished\":\"2022-11-19T09:08:28+00:00\",\"dateModified\":\"2025-08-28T11:49:08+00:00\",\"description\":\"Les bas tr\u00e8s sensuels autoportants Calze Lux plairont en particulier aux femmes qui sont certaines de leur valeur.\",\"breadcrumb\":{\"@id\":\"https:\/\/lesdessousdenath.fr\/index.php\/product\/bas-calze-lux\/#breadcrumb\"},\"inLanguage\":\"fr-FR\",\"potentialAction\":[{\"@type\":\"ReadAction\",\"target\":[\"https:\/\/lesdessousdenath.fr\/index.php\/product\/bas-calze-lux\/\"]}]},{\"@type\":\"ImageObject\",\"inLanguage\":\"fr-FR\",\"@id\":\"https:\/\/lesdessousdenath.fr\/index.php\/product\/bas-calze-lux\/#primaryimage\",\"url\":\"https:\/\/i0.wp.com\/lesdessousdenath.fr\/wp-content\/uploads\/2022\/11\/Bas-Autofixant-Calze-Lux-1.jpg?fit=840%2C1500&ssl=1\",\"contentUrl\":\"https:\/\/i0.wp.com\/lesdessousdenath.fr\/wp-content\/uploads\/2022\/11\/Bas-Autofixant-Calze-Lux-1.jpg?fit=840%2C1500&ssl=1\",\"width\":840,\"height\":1500,\"caption\":\"Bas Autofixant Calze Lux\"},{\"@type\":\"BreadcrumbList\",\"@id\":\"https:\/\/lesdessousdenath.fr\/index.php\/product\/bas-calze-lux\/#breadcrumb\",\"itemListElement\":[{\"@type\":\"ListItem\",\"position\":1,\"name\":\"Home\",\"item\":\"https:\/\/lesdessousdenath.fr\/\"},{\"@type\":\"ListItem\",\"position\":2,\"name\":\"BAS &#038; COLLANTS\",\"item\":\"https:\/\/lesdessousdenath.fr\/index.php\/shop\/\"},{\"@type\":\"ListItem\",\"position\":3,\"name\":\"Bas CALZE LUX noir\"}]},{\"@type\":\"WebSite\",\"@id\":\"https:\/\/lesdessousdenath.fr\/#website\",\"url\":\"https:\/\/lesdessousdenath.fr\/\",\"name\":\"Les dessous de Nath\",\"description\":\"Belle en collants\",\"publisher\":{\"@id\":\"https:\/\/lesdessousdenath.fr\/#organization\"},\"potentialAction\":[{\"@type\":\"SearchAction\",\"target\":{\"@type\":\"EntryPoint\",\"urlTemplate\":\"https:\/\/lesdessousdenath.fr\/?s={search_term_string}\"},\"query-input\":{\"@type\":\"PropertyValueSpecification\",\"valueRequired\":true,\"valueName\":\"search_term_string\"}}],\"inLanguage\":\"fr-FR\"},{\"@type\":\"Organization\",\"@id\":\"https:\/\/lesdessousdenath.fr\/#organization\",\"name\":\"Les dessous de Nath\",\"url\":\"https:\/\/lesdessousdenath.fr\/\",\"logo\":{\"@type\":\"ImageObject\",\"inLanguage\":\"fr-FR\",\"@id\":\"https:\/\/lesdessousdenath.fr\/#\/schema\/logo\/image\/\",\"url\":\"https:\/\/lesdessousdenath.fr\/wp-content\/uploads\/2020\/09\/logo.png\",\"contentUrl\":\"https:\/\/lesdessousdenath.fr\/wp-content\/uploads\/2020\/09\/logo.png\",\"width\":207,\"height\":32,\"caption\":\"Les dessous de Nath\"},\"image\":{\"@id\":\"https:\/\/lesdessousdenath.fr\/#\/schema\/logo\/image\/\"},\"sameAs\":[\"https:\/\/www.facebook.com\/Les-dessous-de-Nath-100724281804184\/\",\"https:\/\/x.com\/DessousNath\",\"https:\/\/www.instagram.com\/LesDessousdeNath\"]}]}<\/script>\n<!-- \/ Yoast SEO plugin. -->","yoast_head_json":{"title":"CALZE LUX \u2013 Bas autofixant noir tr\u00e8s sensuels de chez Gabriella","description":"Les bas tr\u00e8s sensuels autoportants Calze Lux plairont en particulier aux femmes qui sont certaines de leur valeur.","robots":{"index":"index","follow":"follow","max-snippet":"max-snippet:-1","max-image-preview":"max-image-preview:large","max-video-preview":"max-video-preview:-1"},"canonical":"https:\/\/lesdessousdenath.fr\/index.php\/product\/bas-calze-lux\/","og_locale":"fr_FR","og_type":"article","og_title":"CALZE LUX \u2013 Bas autofixant noir tr\u00e8s sensuels de chez Gabriella","og_description":"Les bas tr\u00e8s sensuels autoportants Calze Lux plairont en particulier aux femmes qui sont certaines de leur valeur.","og_url":"https:\/\/lesdessousdenath.fr\/index.php\/product\/bas-calze-lux\/","og_site_name":"Les dessous de Nath","article_publisher":"https:\/\/www.facebook.com\/Les-dessous-de-Nath-100724281804184\/","article_modified_time":"2025-08-28T11:49:08+00:00","og_image":[{"width":840,"height":1500,"url":"https:\/\/lesdessousdenath.fr\/wp-content\/uploads\/2022\/11\/Bas-Autofixant-Calze-Lux-1.jpg","type":"image\/jpeg"}],"twitter_card":"summary_large_image","twitter_site":"@DessousNath","twitter_misc":{"Dur\u00e9e de lecture estim\u00e9e":"1 minute"},"schema":{"@context":"https:\/\/schema.org","@graph":[{"@type":"WebPage","@id":"https:\/\/lesdessousdenath.fr\/index.php\/product\/bas-calze-lux\/","url":"https:\/\/lesdessousdenath.fr\/index.php\/product\/bas-calze-lux\/","name":"CALZE LUX \u2013 Bas autofixant noir tr\u00e8s sensuels de chez Gabriella","isPartOf":{"@id":"https:\/\/lesdessousdenath.fr\/#website"},"primaryImageOfPage":{"@id":"https:\/\/lesdessousdenath.fr\/index.php\/product\/bas-calze-lux\/#primaryimage"},"image":{"@id":"https:\/\/lesdessousdenath.fr\/index.php\/product\/bas-calze-lux\/#primaryimage"},"thumbnailUrl":"https:\/\/i0.wp.com\/lesdessousdenath.fr\/wp-content\/uploads\/2022\/11\/Bas-Autofixant-Calze-Lux-1.jpg?fit=840%2C1500&ssl=1","datePublished":"2022-11-19T09:08:28+00:00","dateModified":"2025-08-28T11:49:08+00:00","description":"Les bas tr\u00e8s sensuels autoportants Calze Lux plairont en particulier aux femmes qui sont certaines de leur valeur.","breadcrumb":{"@id":"https:\/\/lesdessousdenath.fr\/index.php\/product\/bas-calze-lux\/#breadcrumb"},"inLanguage":"fr-FR","potentialAction":[{"@type":"ReadAction","target":["https:\/\/lesdessousdenath.fr\/index.php\/product\/bas-calze-lux\/"]}]},{"@type":"ImageObject","inLanguage":"fr-FR","@id":"https:\/\/lesdessousdenath.fr\/index.php\/product\/bas-calze-lux\/#primaryimage","url":"https:\/\/i0.wp.com\/lesdessousdenath.fr\/wp-content\/uploads\/2022\/11\/Bas-Autofixant-Calze-Lux-1.jpg?fit=840%2C1500&ssl=1","contentUrl":"https:\/\/i0.wp.com\/lesdessousdenath.fr\/wp-content\/uploads\/2022\/11\/Bas-Autofixant-Calze-Lux-1.jpg?fit=840%2C1500&ssl=1","width":840,"height":1500,"caption":"Bas Autofixant Calze Lux"},{"@type":"BreadcrumbList","@id":"https:\/\/lesdessousdenath.fr\/index.php\/product\/bas-calze-lux\/#breadcrumb","itemListElement":[{"@type":"ListItem","position":1,"name":"Home","item":"https:\/\/lesdessousdenath.fr\/"},{"@type":"ListItem","position":2,"name":"BAS &#038; COLLANTS","item":"https:\/\/lesdessousdenath.fr\/index.php\/shop\/"},{"@type":"ListItem","position":3,"name":"Bas CALZE LUX noir"}]},{"@type":"WebSite","@id":"https:\/\/lesdessousdenath.fr\/#website","url":"https:\/\/lesdessousdenath.fr\/","name":"Les dessous de Nath","description":"Belle en collants","publisher":{"@id":"https:\/\/lesdessousdenath.fr\/#organization"},"potentialAction":[{"@type":"SearchAction","target":{"@type":"EntryPoint","urlTemplate":"https:\/\/lesdessousdenath.fr\/?s={search_term_string}"},"query-input":{"@type":"PropertyValueSpecification","valueRequired":true,"valueName":"search_term_string"}}],"inLanguage":"fr-FR"},{"@type":"Organization","@id":"https:\/\/lesdessousdenath.fr\/#organization","name":"Les dessous de Nath","url":"https:\/\/lesdessousdenath.fr\/","logo":{"@type":"ImageObject","inLanguage":"fr-FR","@id":"https:\/\/lesdessousdenath.fr\/#\/schema\/logo\/image\/","url":"https:\/\/lesdessousdenath.fr\/wp-content\/uploads\/2020\/09\/logo.png","contentUrl":"https:\/\/lesdessousdenath.fr\/wp-content\/uploads\/2020\/09\/logo.png","width":207,"height":32,"caption":"Les dessous de Nath"},"image":{"@id":"https:\/\/lesdessousdenath.fr\/#\/schema\/logo\/image\/"},"sameAs":["https:\/\/www.facebook.com\/Les-dessous-de-Nath-100724281804184\/","https:\/\/x.com\/DessousNath","https:\/\/www.instagram.com\/LesDessousdeNath"]}]}},"jetpack_sharing_enabled":true,"_links":{"self":[{"href":"https:\/\/lesdessousdenath.fr\/index.php\/wp-json\/wp\/v2\/product\/9047","targetHints":{"allow":["GET"]}}],"collection":[{"href":"https:\/\/lesdessousdenath.fr\/index.php\/wp-json\/wp\/v2\/product"}],"about":[{"href":"https:\/\/lesdessousdenath.fr\/index.php\/wp-json\/wp\/v2\/types\/product"}],"replies":[{"embeddable":true,"href":"https:\/\/lesdessousdenath.fr\/index.php\/wp-json\/wp\/v2\/comments?post=9047"}],"wp:featuredmedia":[{"embeddable":true,"href":"https:\/\/lesdessousdenath.fr\/index.php\/wp-json\/wp\/v2\/media\/9050"}],"wp:attachment":[{"href":"https:\/\/lesdessousdenath.fr\/index.php\/wp-json\/wp\/v2\/media?parent=9047"}],"wp:term":[{"taxonomy":"product_brand","embeddable":true,"href":"https:\/\/lesdessousdenath.fr\/index.php\/wp-json\/wp\/v2\/product_brand?post=9047"},{"taxonomy":"product_cat","embeddable":true,"href":"https:\/\/lesdessousdenath.fr\/index.php\/wp-json\/wp\/v2\/product_cat?post=9047"},{"taxonomy":"product_tag","embeddable":true,"href":"https:\/\/lesdessousdenath.fr\/index.php\/wp-json\/wp\/v2\/product_tag?post=9047"}],"curies":[{"name":"wp","href":"https:\/\/api.w.org\/{rel}","templated":true}]}}